{"id":13148,"date":"2024-03-20T17:36:44","date_gmt":"2024-03-20T16:36:44","guid":{"rendered":"https:\/\/hansa-flex.ch\/products\/drive-and-control-technology\/hydraulic-motors\/"},"modified":"2024-05-30T22:05:54","modified_gmt":"2024-05-30T20:05:54","slug":"moteurs-hydrauliques","status":"publish","type":"page","link":"https:\/\/hansa-flex.ch\/fr\/nos-produits\/technologie-dentrainement-et-de-commande\/moteurs-hydrauliques\/","title":{"rendered":"Moteurs hydrauliques"},"content":{"rendered":"\n<p>Les moteurs hydrauliques transforment l&#8217;\u00e9nergie hydraulique en \u00e9nergie m\u00e9canique. Nous proposons une large gamme de moteurs geroller et gerotor adapt\u00e9s aux donn\u00e9es de performance de vos machines et installations, dans une qualit\u00e9 \u00e9prouv\u00e9e, en version premium ou \u00e9conomique, pour de nombreuses applications dans le domaine de l&#8217;hydraulique mobile et industrielle. Sur demande, nous pouvons fournir d&#8217;autres types de moteurs hydrauliques tels que des moteurs \u00e0 pistons axiaux, \u00e0 engrenages et radiaux.<\/p>\n","protected":false},"excerpt":{"rendered":"<p>Les moteurs hydrauliques transforment l&#8217;\u00e9nergie hydraulique en \u00e9nergie m\u00e9canique. Nous proposons une large gamme de moteurs geroller et gerotor adapt\u00e9s aux donn\u00e9es de performance de vos machines et installations, dans une qualit\u00e9 \u00e9prouv\u00e9e, en version premium ou \u00e9conomique, pour de nombreuses applications dans le domaine de l&#8217;hydraulique mobile et industrielle. Sur demande, nous pouvons fournir [&hellip;]<\/p>\n","protected":false},"author":3,"featured_media":13150,"parent":13105,"menu_order":0,"comment_status":"closed","ping_status":"closed","template":"","meta":{"_acf_changed":true,"footnotes":""},"class_list":["post-13148","page","type-page","status-publish","has-post-thumbnail","hentry"],"acf":[],"_links":{"self":[{"href":"https:\/\/hansa-flex.ch\/fr\/wp-json\/wp\/v2\/pages\/13148","targetHints":{"allow":["GET"]}}],"collection":[{"href":"https:\/\/hansa-flex.ch\/fr\/wp-json\/wp\/v2\/pages"}],"about":[{"href":"https:\/\/hansa-flex.ch\/fr\/wp-json\/wp\/v2\/types\/page"}],"author":[{"embeddable":true,"href":"https:\/\/hansa-flex.ch\/fr\/wp-json\/wp\/v2\/users\/3"}],"replies":[{"embeddable":true,"href":"https:\/\/hansa-flex.ch\/fr\/wp-json\/wp\/v2\/comments?post=13148"}],"version-history":[{"count":0,"href":"https:\/\/hansa-flex.ch\/fr\/wp-json\/wp\/v2\/pages\/13148\/revisions"}],"up":[{"embeddable":true,"href":"https:\/\/hansa-flex.ch\/fr\/wp-json\/wp\/v2\/pages\/13105"}],"wp:featuredmedia":[{"embeddable":true,"href":"https:\/\/hansa-flex.ch\/fr\/wp-json\/wp\/v2\/media\/13150"}],"wp:attachment":[{"href":"https:\/\/hansa-flex.ch\/fr\/wp-json\/wp\/v2\/media?parent=13148"}],"curies":[{"name":"wp","href":"https:\/\/api.w.org\/{rel}","templated":true}]}}