{"id":13154,"date":"2024-03-21T13:10:09","date_gmt":"2024-03-21T12:10:09","guid":{"rendered":"https:\/\/hansa-flex.ch\/products\/drive-and-control-technology\/measuring-technology\/"},"modified":"2024-05-14T00:24:29","modified_gmt":"2024-05-13T22:24:29","slug":"technologie-de-mesure","status":"publish","type":"page","link":"https:\/\/hansa-flex.ch\/fr\/nos-produits\/technologie-dentrainement-et-de-commande\/technologie-de-mesure\/","title":{"rendered":"Technologie de mesure"},"content":{"rendered":"\n<p>La technologie de mesure dans les syst\u00e8mes hydrauliques doit \u00eatre extr\u00eamement pr\u00e9cise. La pression, la temp\u00e9rature et le d\u00e9bit volum\u00e9trique doivent \u00eatre mesur\u00e9s avec pr\u00e9cision pour garantir un fonctionnement fiable des syst\u00e8mes et des machines. La surveillance continue des conditions peut \u00eatre un moyen efficace de pr\u00e9venir l&#8217;usure des composants hydrauliques. Les instruments de mesure num\u00e9riques sont de plus en plus utilis\u00e9s pour le contr\u00f4le et la r\u00e9gulation des processus automatiques.<\/p>\n","protected":false},"excerpt":{"rendered":"<p>La technologie de mesure dans les syst\u00e8mes hydrauliques doit \u00eatre extr\u00eamement pr\u00e9cise. La pression, la temp\u00e9rature et le d\u00e9bit volum\u00e9trique doivent \u00eatre mesur\u00e9s avec pr\u00e9cision pour garantir un fonctionnement fiable des syst\u00e8mes et des machines. La surveillance continue des conditions peut \u00eatre un moyen efficace de pr\u00e9venir l&#8217;usure des composants hydrauliques. Les instruments de mesure [&hellip;]<\/p>\n","protected":false},"author":3,"featured_media":13162,"parent":13105,"menu_order":0,"comment_status":"closed","ping_status":"closed","template":"","meta":{"_acf_changed":false,"footnotes":""},"class_list":["post-13154","page","type-page","status-publish","has-post-thumbnail","hentry"],"acf":[],"_links":{"self":[{"href":"https:\/\/hansa-flex.ch\/fr\/wp-json\/wp\/v2\/pages\/13154","targetHints":{"allow":["GET"]}}],"collection":[{"href":"https:\/\/hansa-flex.ch\/fr\/wp-json\/wp\/v2\/pages"}],"about":[{"href":"https:\/\/hansa-flex.ch\/fr\/wp-json\/wp\/v2\/types\/page"}],"author":[{"embeddable":true,"href":"https:\/\/hansa-flex.ch\/fr\/wp-json\/wp\/v2\/users\/3"}],"replies":[{"embeddable":true,"href":"https:\/\/hansa-flex.ch\/fr\/wp-json\/wp\/v2\/comments?post=13154"}],"version-history":[{"count":0,"href":"https:\/\/hansa-flex.ch\/fr\/wp-json\/wp\/v2\/pages\/13154\/revisions"}],"up":[{"embeddable":true,"href":"https:\/\/hansa-flex.ch\/fr\/wp-json\/wp\/v2\/pages\/13105"}],"wp:featuredmedia":[{"embeddable":true,"href":"https:\/\/hansa-flex.ch\/fr\/wp-json\/wp\/v2\/media\/13162"}],"wp:attachment":[{"href":"https:\/\/hansa-flex.ch\/fr\/wp-json\/wp\/v2\/media?parent=13154"}],"curies":[{"name":"wp","href":"https:\/\/api.w.org\/{rel}","templated":true}]}}