{"id":13160,"date":"2024-03-21T16:00:43","date_gmt":"2024-03-21T15:00:43","guid":{"rendered":"https:\/\/hansa-flex.ch\/products\/drive-and-control-technology\/pressure-accumulators\/"},"modified":"2024-05-30T21:57:40","modified_gmt":"2024-05-30T19:57:40","slug":"accumulateurs-de-pression","status":"publish","type":"page","link":"https:\/\/hansa-flex.ch\/fr\/nos-produits\/technologie-dentrainement-et-de-commande\/accumulateurs-de-pression\/","title":{"rendered":"Accumulateurs de pression"},"content":{"rendered":"\n<p>Les accumulateurs de pression sont utilis\u00e9s comme r\u00e9cipients de compensation de pression et \u00e9quilibrent les changements de volume et les pics de pression li\u00e9s \u00e0 la temp\u00e9rature dans les syst\u00e8mes hydrauliques. Agissant comme un accumulateur tampon, ils absorbent \u00e9galement l&#8217;\u00e9nergie caus\u00e9e par les changements de pression et la lib\u00e8rent plus tard si n\u00e9cessaire. Ils sont \u00e9galement utilis\u00e9s pour compenser en toute s\u00e9curit\u00e9 les fuites, amortir les pulsations et absorber les chocs dans les syst\u00e8mes et les machines.<\/p>\n","protected":false},"excerpt":{"rendered":"<p>Les accumulateurs de pression sont utilis\u00e9s comme r\u00e9cipients de compensation de pression et \u00e9quilibrent les changements de volume et les pics de pression li\u00e9s \u00e0 la temp\u00e9rature dans les syst\u00e8mes hydrauliques. Agissant comme un accumulateur tampon, ils absorbent \u00e9galement l&#8217;\u00e9nergie caus\u00e9e par les changements de pression et la lib\u00e8rent plus tard si n\u00e9cessaire. Ils sont [&hellip;]<\/p>\n","protected":false},"author":3,"featured_media":13168,"parent":13105,"menu_order":0,"comment_status":"closed","ping_status":"closed","template":"","meta":{"_acf_changed":true,"footnotes":""},"class_list":["post-13160","page","type-page","status-publish","has-post-thumbnail","hentry"],"acf":[],"_links":{"self":[{"href":"https:\/\/hansa-flex.ch\/fr\/wp-json\/wp\/v2\/pages\/13160","targetHints":{"allow":["GET"]}}],"collection":[{"href":"https:\/\/hansa-flex.ch\/fr\/wp-json\/wp\/v2\/pages"}],"about":[{"href":"https:\/\/hansa-flex.ch\/fr\/wp-json\/wp\/v2\/types\/page"}],"author":[{"embeddable":true,"href":"https:\/\/hansa-flex.ch\/fr\/wp-json\/wp\/v2\/users\/3"}],"replies":[{"embeddable":true,"href":"https:\/\/hansa-flex.ch\/fr\/wp-json\/wp\/v2\/comments?post=13160"}],"version-history":[{"count":0,"href":"https:\/\/hansa-flex.ch\/fr\/wp-json\/wp\/v2\/pages\/13160\/revisions"}],"up":[{"embeddable":true,"href":"https:\/\/hansa-flex.ch\/fr\/wp-json\/wp\/v2\/pages\/13105"}],"wp:featuredmedia":[{"embeddable":true,"href":"https:\/\/hansa-flex.ch\/fr\/wp-json\/wp\/v2\/media\/13168"}],"wp:attachment":[{"href":"https:\/\/hansa-flex.ch\/fr\/wp-json\/wp\/v2\/media?parent=13160"}],"curies":[{"name":"wp","href":"https:\/\/api.w.org\/{rel}","templated":true}]}}