{"id":13167,"date":"2024-03-20T16:34:41","date_gmt":"2024-03-20T15:34:41","guid":{"rendered":"https:\/\/hansa-flex.ch\/products\/drive-and-control-technology\/pumps\/"},"modified":"2024-05-30T22:03:10","modified_gmt":"2024-05-30T20:03:10","slug":"pompes","status":"publish","type":"page","link":"https:\/\/hansa-flex.ch\/fr\/nos-produits\/technologie-dentrainement-et-de-commande\/pompes\/","title":{"rendered":"Pompes"},"content":{"rendered":"\n<p>Les pompes hydrauliques sont le c\u0153ur de tout syst\u00e8me hydraulique. Elles augmentent la pression dans le syst\u00e8me et transportent l&#8217;\u00e9nergie de l&#8217;huile l\u00e0 o\u00f9 elle est n\u00e9cessaire. Notre vaste gamme de pompes \u00e0 engrenages et \u00e0 pistons axiaux de qualit\u00e9 \u00e9prouv\u00e9e HANSA-FLEX couvre un large \u00e9ventail d&#8217;exigences dans le domaine de l&#8217;hydraulique industrielle et mobile. Notre portefeuille de produits comprend \u00e9galement des pompes \u00e0 piston radial et \u00e0 palettes pour des applications sp\u00e9ciales.<\/p>\n","protected":false},"excerpt":{"rendered":"<p>Les pompes hydrauliques sont le c\u0153ur de tout syst\u00e8me hydraulique. Elles augmentent la pression dans le syst\u00e8me et transportent l&#8217;\u00e9nergie de l&#8217;huile l\u00e0 o\u00f9 elle est n\u00e9cessaire. Notre vaste gamme de pompes \u00e0 engrenages et \u00e0 pistons axiaux de qualit\u00e9 \u00e9prouv\u00e9e HANSA-FLEX couvre un large \u00e9ventail d&#8217;exigences dans le domaine de l&#8217;hydraulique industrielle et mobile. [&hellip;]<\/p>\n","protected":false},"author":3,"featured_media":13176,"parent":13105,"menu_order":0,"comment_status":"closed","ping_status":"closed","template":"","meta":{"_acf_changed":true,"footnotes":""},"class_list":["post-13167","page","type-page","status-publish","has-post-thumbnail","hentry"],"acf":[],"_links":{"self":[{"href":"https:\/\/hansa-flex.ch\/fr\/wp-json\/wp\/v2\/pages\/13167","targetHints":{"allow":["GET"]}}],"collection":[{"href":"https:\/\/hansa-flex.ch\/fr\/wp-json\/wp\/v2\/pages"}],"about":[{"href":"https:\/\/hansa-flex.ch\/fr\/wp-json\/wp\/v2\/types\/page"}],"author":[{"embeddable":true,"href":"https:\/\/hansa-flex.ch\/fr\/wp-json\/wp\/v2\/users\/3"}],"replies":[{"embeddable":true,"href":"https:\/\/hansa-flex.ch\/fr\/wp-json\/wp\/v2\/comments?post=13167"}],"version-history":[{"count":0,"href":"https:\/\/hansa-flex.ch\/fr\/wp-json\/wp\/v2\/pages\/13167\/revisions"}],"up":[{"embeddable":true,"href":"https:\/\/hansa-flex.ch\/fr\/wp-json\/wp\/v2\/pages\/13105"}],"wp:featuredmedia":[{"embeddable":true,"href":"https:\/\/hansa-flex.ch\/fr\/wp-json\/wp\/v2\/media\/13176"}],"wp:attachment":[{"href":"https:\/\/hansa-flex.ch\/fr\/wp-json\/wp\/v2\/media?parent=13167"}],"curies":[{"name":"wp","href":"https:\/\/api.w.org\/{rel}","templated":true}]}}