{"id":13183,"date":"2024-03-21T10:33:12","date_gmt":"2024-03-21T09:33:12","guid":{"rendered":"https:\/\/hansa-flex.ch\/products\/drive-and-control-technology\/switches-and-sensors\/"},"modified":"2024-05-30T22:01:28","modified_gmt":"2024-05-30T20:01:28","slug":"interrupteurs-et-capteurs","status":"publish","type":"page","link":"https:\/\/hansa-flex.ch\/fr\/nos-produits\/technologie-dentrainement-et-de-commande\/interrupteurs-et-capteurs\/","title":{"rendered":"Interrupteurs et capteurs"},"content":{"rendered":"\n<p>Les interrupteurs et les capteurs pour diff\u00e9rents param\u00e8tres de processus, tels que la pression, le niveau de remplissage et la temp\u00e9rature, sont utilis\u00e9s pour r\u00e9guler, contr\u00f4ler et surveiller les syst\u00e8mes hydrauliques. HANSA-FLEX est un partenaire unique qui propose un large choix de pressostats, de thermostats et de capteurs de niveau durables. De plus, nos experts vous conseillent dans le choix de la solution la plus appropri\u00e9e et vous assistent dans l&#8217;optimisation de vos machines et installations.<\/p>\n","protected":false},"excerpt":{"rendered":"<p>Les interrupteurs et les capteurs pour diff\u00e9rents param\u00e8tres de processus, tels que la pression, le niveau de remplissage et la temp\u00e9rature, sont utilis\u00e9s pour r\u00e9guler, contr\u00f4ler et surveiller les syst\u00e8mes hydrauliques. HANSA-FLEX est un partenaire unique qui propose un large choix de pressostats, de thermostats et de capteurs de niveau durables. De plus, nos experts [&hellip;]<\/p>\n","protected":false},"author":3,"featured_media":13193,"parent":13105,"menu_order":0,"comment_status":"closed","ping_status":"closed","template":"","meta":{"_acf_changed":true,"footnotes":""},"class_list":["post-13183","page","type-page","status-publish","has-post-thumbnail","hentry"],"acf":[],"_links":{"self":[{"href":"https:\/\/hansa-flex.ch\/fr\/wp-json\/wp\/v2\/pages\/13183","targetHints":{"allow":["GET"]}}],"collection":[{"href":"https:\/\/hansa-flex.ch\/fr\/wp-json\/wp\/v2\/pages"}],"about":[{"href":"https:\/\/hansa-flex.ch\/fr\/wp-json\/wp\/v2\/types\/page"}],"author":[{"embeddable":true,"href":"https:\/\/hansa-flex.ch\/fr\/wp-json\/wp\/v2\/users\/3"}],"replies":[{"embeddable":true,"href":"https:\/\/hansa-flex.ch\/fr\/wp-json\/wp\/v2\/comments?post=13183"}],"version-history":[{"count":0,"href":"https:\/\/hansa-flex.ch\/fr\/wp-json\/wp\/v2\/pages\/13183\/revisions"}],"up":[{"embeddable":true,"href":"https:\/\/hansa-flex.ch\/fr\/wp-json\/wp\/v2\/pages\/13105"}],"wp:featuredmedia":[{"embeddable":true,"href":"https:\/\/hansa-flex.ch\/fr\/wp-json\/wp\/v2\/media\/13193"}],"wp:attachment":[{"href":"https:\/\/hansa-flex.ch\/fr\/wp-json\/wp\/v2\/media?parent=13183"}],"curies":[{"name":"wp","href":"https:\/\/api.w.org\/{rel}","templated":true}]}}