{"id":13219,"date":"2024-03-21T10:45:24","date_gmt":"2024-03-21T09:45:24","guid":{"rendered":"https:\/\/hansa-flex.ch\/products\/drive-and-control-technology\/valve-technology\/"},"modified":"2024-05-30T21:55:43","modified_gmt":"2024-05-30T19:55:43","slug":"technologie-des-vannes","status":"publish","type":"page","link":"https:\/\/hansa-flex.ch\/fr\/nos-produits\/technologie-dentrainement-et-de-commande\/technologie-des-vannes\/","title":{"rendered":"Technologie des vannes"},"content":{"rendered":"\n<p>Les vannes sont au c\u0153ur de tout syst\u00e8me hydraulique. Elles commutent, r\u00e9gulent et contr\u00f4lent le flux de fluide. HANSA-FLEX dispose d&#8217;un vaste portefeuille de produits dans le domaine de la technologie des vannes. Il s&#8217;agit par exemple de vannes de contr\u00f4le directionnel \u00e0 commande manuelle, \u00e9lectrique ou pneumatique et de vannes d&#8217;arr\u00eat, de pression, de d\u00e9bit et de contr\u00f4le proportionnel pour des plages de pression allant jusqu&#8217;\u00e0 350 bars. Nous disposons d&#8217;une large gamme de produits en stock, de sorte que vous pouvez g\u00e9n\u00e9ralement compter sur des d\u00e9lais de livraison courts.<\/p>\n","protected":false},"excerpt":{"rendered":"<p>Les vannes sont au c\u0153ur de tout syst\u00e8me hydraulique. Elles commutent, r\u00e9gulent et contr\u00f4lent le flux de fluide. HANSA-FLEX dispose d&#8217;un vaste portefeuille de produits dans le domaine de la technologie des vannes. Il s&#8217;agit par exemple de vannes de contr\u00f4le directionnel \u00e0 commande manuelle, \u00e9lectrique ou pneumatique et de vannes d&#8217;arr\u00eat, de pression, de [&hellip;]<\/p>\n","protected":false},"author":3,"featured_media":13220,"parent":13105,"menu_order":0,"comment_status":"closed","ping_status":"closed","template":"","meta":{"_acf_changed":true,"footnotes":""},"class_list":["post-13219","page","type-page","status-publish","has-post-thumbnail","hentry"],"acf":[],"_links":{"self":[{"href":"https:\/\/hansa-flex.ch\/fr\/wp-json\/wp\/v2\/pages\/13219","targetHints":{"allow":["GET"]}}],"collection":[{"href":"https:\/\/hansa-flex.ch\/fr\/wp-json\/wp\/v2\/pages"}],"about":[{"href":"https:\/\/hansa-flex.ch\/fr\/wp-json\/wp\/v2\/types\/page"}],"author":[{"embeddable":true,"href":"https:\/\/hansa-flex.ch\/fr\/wp-json\/wp\/v2\/users\/3"}],"replies":[{"embeddable":true,"href":"https:\/\/hansa-flex.ch\/fr\/wp-json\/wp\/v2\/comments?post=13219"}],"version-history":[{"count":0,"href":"https:\/\/hansa-flex.ch\/fr\/wp-json\/wp\/v2\/pages\/13219\/revisions"}],"up":[{"embeddable":true,"href":"https:\/\/hansa-flex.ch\/fr\/wp-json\/wp\/v2\/pages\/13105"}],"wp:featuredmedia":[{"embeddable":true,"href":"https:\/\/hansa-flex.ch\/fr\/wp-json\/wp\/v2\/media\/13220"}],"wp:attachment":[{"href":"https:\/\/hansa-flex.ch\/fr\/wp-json\/wp\/v2\/media?parent=13219"}],"curies":[{"name":"wp","href":"https:\/\/api.w.org\/{rel}","templated":true}]}}