{"id":13231,"date":"2024-03-21T12:13:26","date_gmt":"2024-03-21T11:13:26","guid":{"rendered":"https:\/\/hansa-flex.ch\/products\/drive-and-control-technology\/valve-technology\/cartridge-valves\/"},"modified":"2024-05-30T21:58:15","modified_gmt":"2024-05-30T19:58:15","slug":"vannes-a-cartouche","status":"publish","type":"page","link":"https:\/\/hansa-flex.ch\/fr\/nos-produits\/technologie-dentrainement-et-de-commande\/technologie-des-vannes\/vannes-a-cartouche\/","title":{"rendered":"Vannes \u00e0 cartouche"},"content":{"rendered":"\n<p>Les valves \u00e0 cartouche sont viss\u00e9es directement dans les blocs de valves ou les bo\u00eetiers de valves. Cela permet de combiner des commandes de fluides complexes et de les installer dans un espace r\u00e9duit. Jusqu&#8217;\u00e0 pr\u00e9sent, les valves \u00e0 cartouche \u00e0 visser \u00e9taient principalement utilis\u00e9es dans l&#8217;hydraulique mobile. Cependant, elles sont d\u00e9sormais \u00e9galement utilis\u00e9es dans les syst\u00e8mes hydrauliques stationnaires, car leurs conceptions de plus en plus compactes pr\u00e9sentent des avantages surtout dans le domaine de l&#8217;automatisation.<\/p>\n","protected":false},"excerpt":{"rendered":"<p>Les valves \u00e0 cartouche sont viss\u00e9es directement dans les blocs de valves ou les bo\u00eetiers de valves. Cela permet de combiner des commandes de fluides complexes et de les installer dans un espace r\u00e9duit. Jusqu&#8217;\u00e0 pr\u00e9sent, les valves \u00e0 cartouche \u00e0 visser \u00e9taient principalement utilis\u00e9es dans l&#8217;hydraulique mobile. Cependant, elles sont d\u00e9sormais \u00e9galement utilis\u00e9es dans [&hellip;]<\/p>\n","protected":false},"author":3,"featured_media":13236,"parent":13219,"menu_order":0,"comment_status":"closed","ping_status":"closed","template":"","meta":{"_acf_changed":true,"footnotes":""},"class_list":["post-13231","page","type-page","status-publish","has-post-thumbnail","hentry"],"acf":[],"_links":{"self":[{"href":"https:\/\/hansa-flex.ch\/fr\/wp-json\/wp\/v2\/pages\/13231","targetHints":{"allow":["GET"]}}],"collection":[{"href":"https:\/\/hansa-flex.ch\/fr\/wp-json\/wp\/v2\/pages"}],"about":[{"href":"https:\/\/hansa-flex.ch\/fr\/wp-json\/wp\/v2\/types\/page"}],"author":[{"embeddable":true,"href":"https:\/\/hansa-flex.ch\/fr\/wp-json\/wp\/v2\/users\/3"}],"replies":[{"embeddable":true,"href":"https:\/\/hansa-flex.ch\/fr\/wp-json\/wp\/v2\/comments?post=13231"}],"version-history":[{"count":0,"href":"https:\/\/hansa-flex.ch\/fr\/wp-json\/wp\/v2\/pages\/13231\/revisions"}],"up":[{"embeddable":true,"href":"https:\/\/hansa-flex.ch\/fr\/wp-json\/wp\/v2\/pages\/13219"}],"wp:featuredmedia":[{"embeddable":true,"href":"https:\/\/hansa-flex.ch\/fr\/wp-json\/wp\/v2\/media\/13236"}],"wp:attachment":[{"href":"https:\/\/hansa-flex.ch\/fr\/wp-json\/wp\/v2\/media?parent=13231"}],"curies":[{"name":"wp","href":"https:\/\/api.w.org\/{rel}","templated":true}]}}