{"id":13235,"date":"2024-03-21T12:30:12","date_gmt":"2024-03-21T11:30:12","guid":{"rendered":"https:\/\/hansa-flex.ch\/products\/drive-and-control-technology\/valve-technology\/cetop-valves\/"},"modified":"2024-05-30T21:59:50","modified_gmt":"2024-05-30T19:59:50","slug":"vannes-cetop","status":"publish","type":"page","link":"https:\/\/hansa-flex.ch\/fr\/nos-produits\/technologie-dentrainement-et-de-commande\/technologie-des-vannes\/vannes-cetop\/","title":{"rendered":"Vannes CETOP"},"content":{"rendered":"\n<p>M\u00eame les commandes hydrauliques les plus complexes peuvent \u00eatre int\u00e9gr\u00e9es \u00e0 l&#8217;aide de vannes CETOP peu encombrantes. Gr\u00e2ce \u00e0 leurs al\u00e9sages de raccordement standardis\u00e9s et \u00e0 leur conception de montage sur plaque, ainsi qu&#8217;\u00e0 leurs possibilit\u00e9s de combinaison avec des plaques de montage pour vannes de conduites interm\u00e9diaires et collectives, les vannes CETOP peuvent \u00eatre configur\u00e9es pour une grande vari\u00e9t\u00e9 de fonctions de commutation dans un espace d&#8217;installation relativement compact.<\/p>\n","protected":false},"excerpt":{"rendered":"<p>M\u00eame les commandes hydrauliques les plus complexes peuvent \u00eatre int\u00e9gr\u00e9es \u00e0 l&#8217;aide de vannes CETOP peu encombrantes. Gr\u00e2ce \u00e0 leurs al\u00e9sages de raccordement standardis\u00e9s et \u00e0 leur conception de montage sur plaque, ainsi qu&#8217;\u00e0 leurs possibilit\u00e9s de combinaison avec des plaques de montage pour vannes de conduites interm\u00e9diaires et collectives, les vannes CETOP peuvent \u00eatre [&hellip;]<\/p>\n","protected":false},"author":3,"featured_media":13239,"parent":13219,"menu_order":0,"comment_status":"closed","ping_status":"closed","template":"","meta":{"_acf_changed":true,"footnotes":""},"class_list":["post-13235","page","type-page","status-publish","has-post-thumbnail","hentry"],"acf":[],"_links":{"self":[{"href":"https:\/\/hansa-flex.ch\/fr\/wp-json\/wp\/v2\/pages\/13235","targetHints":{"allow":["GET"]}}],"collection":[{"href":"https:\/\/hansa-flex.ch\/fr\/wp-json\/wp\/v2\/pages"}],"about":[{"href":"https:\/\/hansa-flex.ch\/fr\/wp-json\/wp\/v2\/types\/page"}],"author":[{"embeddable":true,"href":"https:\/\/hansa-flex.ch\/fr\/wp-json\/wp\/v2\/users\/3"}],"replies":[{"embeddable":true,"href":"https:\/\/hansa-flex.ch\/fr\/wp-json\/wp\/v2\/comments?post=13235"}],"version-history":[{"count":0,"href":"https:\/\/hansa-flex.ch\/fr\/wp-json\/wp\/v2\/pages\/13235\/revisions"}],"up":[{"embeddable":true,"href":"https:\/\/hansa-flex.ch\/fr\/wp-json\/wp\/v2\/pages\/13219"}],"wp:featuredmedia":[{"embeddable":true,"href":"https:\/\/hansa-flex.ch\/fr\/wp-json\/wp\/v2\/media\/13239"}],"wp:attachment":[{"href":"https:\/\/hansa-flex.ch\/fr\/wp-json\/wp\/v2\/media?parent=13235"}],"curies":[{"name":"wp","href":"https:\/\/api.w.org\/{rel}","templated":true}]}}