{"id":13260,"date":"2024-03-21T11:51:58","date_gmt":"2024-03-21T10:51:58","guid":{"rendered":"https:\/\/hansa-flex.ch\/products\/drive-and-control-technology\/valve-technology\/pipeline-installation-valves\/"},"modified":"2024-05-30T21:55:18","modified_gmt":"2024-05-30T19:55:18","slug":"vannes-dinstallation-de-pipelines","status":"publish","type":"page","link":"https:\/\/hansa-flex.ch\/fr\/nos-produits\/technologie-dentrainement-et-de-commande\/technologie-des-vannes\/vannes-dinstallation-de-pipelines\/","title":{"rendered":"Vannes d&#8217;installation de pipelines"},"content":{"rendered":"\n<p>Les valves d&#8217;installation de tuyauterie sont mont\u00e9es directement dans les tuyauteries des syst\u00e8mes hydrauliques et remplissent des fonctions de base telles que la limitation de la pression ou le contr\u00f4le du d\u00e9bit. Les vannes compactes sont livr\u00e9es sans bo\u00eetier ou plaque de base suppl\u00e9mentaire. HANSA-FLEX dispose d&#8217;une large gamme de valves hydrauliques standardis\u00e9es fabriqu\u00e9es \u00e0 partir de mat\u00e9riaux de haute qualit\u00e9 et dot\u00e9es de diff\u00e9rents rev\u00eatements pour l&#8217;installation de pipelines dans des plages de pression allant jusqu&#8217;\u00e0 350 bars.<\/p>\n","protected":false},"excerpt":{"rendered":"<p>Les valves d&#8217;installation de tuyauterie sont mont\u00e9es directement dans les tuyauteries des syst\u00e8mes hydrauliques et remplissent des fonctions de base telles que la limitation de la pression ou le contr\u00f4le du d\u00e9bit. Les vannes compactes sont livr\u00e9es sans bo\u00eetier ou plaque de base suppl\u00e9mentaire. HANSA-FLEX dispose d&#8217;une large gamme de valves hydrauliques standardis\u00e9es fabriqu\u00e9es \u00e0 [&hellip;]<\/p>\n","protected":false},"author":3,"featured_media":13264,"parent":13219,"menu_order":0,"comment_status":"closed","ping_status":"closed","template":"","meta":{"_acf_changed":true,"footnotes":""},"class_list":["post-13260","page","type-page","status-publish","has-post-thumbnail","hentry"],"acf":[],"_links":{"self":[{"href":"https:\/\/hansa-flex.ch\/fr\/wp-json\/wp\/v2\/pages\/13260","targetHints":{"allow":["GET"]}}],"collection":[{"href":"https:\/\/hansa-flex.ch\/fr\/wp-json\/wp\/v2\/pages"}],"about":[{"href":"https:\/\/hansa-flex.ch\/fr\/wp-json\/wp\/v2\/types\/page"}],"author":[{"embeddable":true,"href":"https:\/\/hansa-flex.ch\/fr\/wp-json\/wp\/v2\/users\/3"}],"replies":[{"embeddable":true,"href":"https:\/\/hansa-flex.ch\/fr\/wp-json\/wp\/v2\/comments?post=13260"}],"version-history":[{"count":0,"href":"https:\/\/hansa-flex.ch\/fr\/wp-json\/wp\/v2\/pages\/13260\/revisions"}],"up":[{"embeddable":true,"href":"https:\/\/hansa-flex.ch\/fr\/wp-json\/wp\/v2\/pages\/13219"}],"wp:featuredmedia":[{"embeddable":true,"href":"https:\/\/hansa-flex.ch\/fr\/wp-json\/wp\/v2\/media\/13264"}],"wp:attachment":[{"href":"https:\/\/hansa-flex.ch\/fr\/wp-json\/wp\/v2\/media?parent=13260"}],"curies":[{"name":"wp","href":"https:\/\/api.w.org\/{rel}","templated":true}]}}