{"id":13279,"date":"2024-03-21T16:29:50","date_gmt":"2024-03-21T15:29:50","guid":{"rendered":"https:\/\/hansa-flex.ch\/products\/filtration\/"},"modified":"2024-05-30T21:52:48","modified_gmt":"2024-05-30T19:52:48","slug":"filtration","status":"publish","type":"page","link":"https:\/\/hansa-flex.ch\/fr\/nos-produits\/filtration\/","title":{"rendered":"Filtration"},"content":{"rendered":"\n<p>Une filtration efficace est essentielle au bon fonctionnement et \u00e0 la long\u00e9vit\u00e9 des syst\u00e8mes hydrauliques tr\u00e8s sensibles. Avec la technologie de filtration HANSA-FLEX, vous pouvez \u00eatre s\u00fbr d&#8217;avoir une huile propre et un fonctionnement sans probl\u00e8me de vos machines et installations. Dans la boutique en ligne HANSA-FLEX, vous trouverez des \u00e9l\u00e9ments et des syst\u00e8mes de filtration ainsi que d&#8217;autres produits associ\u00e9s tels que des kits d&#8217;analyse d&#8217;huile et des compteurs de particules pour un r\u00e9gime de gestion des fluides tr\u00e8s efficace.<\/p>\n","protected":false},"excerpt":{"rendered":"<p>Une filtration efficace est essentielle au bon fonctionnement et \u00e0 la long\u00e9vit\u00e9 des syst\u00e8mes hydrauliques tr\u00e8s sensibles. Avec la technologie de filtration HANSA-FLEX, vous pouvez \u00eatre s\u00fbr d&#8217;avoir une huile propre et un fonctionnement sans probl\u00e8me de vos machines et installations. Dans la boutique en ligne HANSA-FLEX, vous trouverez des \u00e9l\u00e9ments et des syst\u00e8mes de [&hellip;]<\/p>\n","protected":false},"author":3,"featured_media":13280,"parent":13058,"menu_order":0,"comment_status":"closed","ping_status":"closed","template":"","meta":{"_acf_changed":true,"footnotes":""},"class_list":["post-13279","page","type-page","status-publish","has-post-thumbnail","hentry"],"acf":[],"_links":{"self":[{"href":"https:\/\/hansa-flex.ch\/fr\/wp-json\/wp\/v2\/pages\/13279","targetHints":{"allow":["GET"]}}],"collection":[{"href":"https:\/\/hansa-flex.ch\/fr\/wp-json\/wp\/v2\/pages"}],"about":[{"href":"https:\/\/hansa-flex.ch\/fr\/wp-json\/wp\/v2\/types\/page"}],"author":[{"embeddable":true,"href":"https:\/\/hansa-flex.ch\/fr\/wp-json\/wp\/v2\/users\/3"}],"replies":[{"embeddable":true,"href":"https:\/\/hansa-flex.ch\/fr\/wp-json\/wp\/v2\/comments?post=13279"}],"version-history":[{"count":0,"href":"https:\/\/hansa-flex.ch\/fr\/wp-json\/wp\/v2\/pages\/13279\/revisions"}],"up":[{"embeddable":true,"href":"https:\/\/hansa-flex.ch\/fr\/wp-json\/wp\/v2\/pages\/13058"}],"wp:featuredmedia":[{"embeddable":true,"href":"https:\/\/hansa-flex.ch\/fr\/wp-json\/wp\/v2\/media\/13280"}],"wp:attachment":[{"href":"https:\/\/hansa-flex.ch\/fr\/wp-json\/wp\/v2\/media?parent=13279"}],"curies":[{"name":"wp","href":"https:\/\/api.w.org\/{rel}","templated":true}]}}