{"id":13288,"date":"2024-03-18T10:43:45","date_gmt":"2024-03-18T09:43:45","guid":{"rendered":"https:\/\/hansa-flex.ch\/products\/hoses-and-hose-lines\/"},"modified":"2024-05-30T22:33:05","modified_gmt":"2024-05-30T20:33:05","slug":"tuyaux-et-conduites-flexibles","status":"publish","type":"page","link":"https:\/\/hansa-flex.ch\/fr\/nos-produits\/tuyaux-et-conduites-flexibles\/","title":{"rendered":"Tuyaux et conduites flexibles"},"content":{"rendered":"\n<p>La gamme HANSA-FLEX comprend des tuyaux pour l&#8217;hydraulique et la pneumatique ainsi que pour le transport de produits chimiques, de denr\u00e9es alimentaires, d&#8217;air, d&#8217;eau et de produits abrasifs. Outre les tuyaux standard, nous fournissons \u00e9galement des tuyaux d&#8217;aspiration et de pression positive, des accessoires appropri\u00e9s et des lignes de tuyaux pr\u00e9assembl\u00e9es fabriqu\u00e9es selon vos besoins individuels. En tant que fournisseur de services complets, nous assistons \u00e9galement nos clients pour l&#8217;installation, la maintenance et l&#8217;inspection.<\/p>\n","protected":false},"excerpt":{"rendered":"<p>La gamme HANSA-FLEX comprend des tuyaux pour l&#8217;hydraulique et la pneumatique ainsi que pour le transport de produits chimiques, de denr\u00e9es alimentaires, d&#8217;air, d&#8217;eau et de produits abrasifs. Outre les tuyaux standard, nous fournissons \u00e9galement des tuyaux d&#8217;aspiration et de pression positive, des accessoires appropri\u00e9s et des lignes de tuyaux pr\u00e9assembl\u00e9es fabriqu\u00e9es selon vos besoins [&hellip;]<\/p>\n","protected":false},"author":3,"featured_media":13292,"parent":13058,"menu_order":0,"comment_status":"closed","ping_status":"closed","template":"","meta":{"_acf_changed":true,"footnotes":""},"class_list":["post-13288","page","type-page","status-publish","has-post-thumbnail","hentry"],"acf":[],"_links":{"self":[{"href":"https:\/\/hansa-flex.ch\/fr\/wp-json\/wp\/v2\/pages\/13288","targetHints":{"allow":["GET"]}}],"collection":[{"href":"https:\/\/hansa-flex.ch\/fr\/wp-json\/wp\/v2\/pages"}],"about":[{"href":"https:\/\/hansa-flex.ch\/fr\/wp-json\/wp\/v2\/types\/page"}],"author":[{"embeddable":true,"href":"https:\/\/hansa-flex.ch\/fr\/wp-json\/wp\/v2\/users\/3"}],"replies":[{"embeddable":true,"href":"https:\/\/hansa-flex.ch\/fr\/wp-json\/wp\/v2\/comments?post=13288"}],"version-history":[{"count":0,"href":"https:\/\/hansa-flex.ch\/fr\/wp-json\/wp\/v2\/pages\/13288\/revisions"}],"up":[{"embeddable":true,"href":"https:\/\/hansa-flex.ch\/fr\/wp-json\/wp\/v2\/pages\/13058"}],"wp:featuredmedia":[{"embeddable":true,"href":"https:\/\/hansa-flex.ch\/fr\/wp-json\/wp\/v2\/media\/13292"}],"wp:attachment":[{"href":"https:\/\/hansa-flex.ch\/fr\/wp-json\/wp\/v2\/media?parent=13288"}],"curies":[{"name":"wp","href":"https:\/\/api.w.org\/{rel}","templated":true}]}}