{"id":13301,"date":"2024-03-19T11:53:47","date_gmt":"2024-03-19T10:53:47","guid":{"rendered":"https:\/\/hansa-flex.ch\/products\/hoses-and-hose-lines\/accessories\/"},"modified":"2024-05-30T22:28:42","modified_gmt":"2024-05-30T20:28:42","slug":"accessoires","status":"publish","type":"page","link":"https:\/\/hansa-flex.ch\/fr\/nos-produits\/tuyaux-et-conduites-flexibles\/accessoires\/","title":{"rendered":"Accessoires"},"content":{"rendered":"\n<p>Les tuyaux de HANSA-FLEX s\u00e9duisent dans de nombreuses applications par leur excellente qualit\u00e9. Les produits de la gamme d&#8217;accessoires HANSA-FLEX prot\u00e8gent non seulement les parties sensibles des tuyaux dans les situations o\u00f9 les exigences de charge m\u00e9canique particuli\u00e8rement \u00e9lev\u00e9es ou les effets des temp\u00e9ratures \u00e9lev\u00e9es posent probl\u00e8me, mais ils prot\u00e8gent \u00e9galement les personnes, par exemple contre les blessures caus\u00e9es par les jets d&#8217;huile. Une large gamme de produits et des conseils d&#8217;experts garantissent la s\u00e9lection et la mise en \u0153uvre de solutions de protection efficaces et efficientes.<\/p>\n","protected":false},"excerpt":{"rendered":"<p>Les tuyaux de HANSA-FLEX s\u00e9duisent dans de nombreuses applications par leur excellente qualit\u00e9. Les produits de la gamme d&#8217;accessoires HANSA-FLEX prot\u00e8gent non seulement les parties sensibles des tuyaux dans les situations o\u00f9 les exigences de charge m\u00e9canique particuli\u00e8rement \u00e9lev\u00e9es ou les effets des temp\u00e9ratures \u00e9lev\u00e9es posent probl\u00e8me, mais ils prot\u00e8gent \u00e9galement les personnes, par exemple [&hellip;]<\/p>\n","protected":false},"author":3,"featured_media":13304,"parent":13288,"menu_order":0,"comment_status":"closed","ping_status":"closed","template":"","meta":{"_acf_changed":true,"footnotes":""},"class_list":["post-13301","page","type-page","status-publish","has-post-thumbnail","hentry"],"acf":[],"_links":{"self":[{"href":"https:\/\/hansa-flex.ch\/fr\/wp-json\/wp\/v2\/pages\/13301","targetHints":{"allow":["GET"]}}],"collection":[{"href":"https:\/\/hansa-flex.ch\/fr\/wp-json\/wp\/v2\/pages"}],"about":[{"href":"https:\/\/hansa-flex.ch\/fr\/wp-json\/wp\/v2\/types\/page"}],"author":[{"embeddable":true,"href":"https:\/\/hansa-flex.ch\/fr\/wp-json\/wp\/v2\/users\/3"}],"replies":[{"embeddable":true,"href":"https:\/\/hansa-flex.ch\/fr\/wp-json\/wp\/v2\/comments?post=13301"}],"version-history":[{"count":0,"href":"https:\/\/hansa-flex.ch\/fr\/wp-json\/wp\/v2\/pages\/13301\/revisions"}],"up":[{"embeddable":true,"href":"https:\/\/hansa-flex.ch\/fr\/wp-json\/wp\/v2\/pages\/13288"}],"wp:featuredmedia":[{"embeddable":true,"href":"https:\/\/hansa-flex.ch\/fr\/wp-json\/wp\/v2\/media\/13304"}],"wp:attachment":[{"href":"https:\/\/hansa-flex.ch\/fr\/wp-json\/wp\/v2\/media?parent=13301"}],"curies":[{"name":"wp","href":"https:\/\/api.w.org\/{rel}","templated":true}]}}