{"id":13314,"date":"2024-03-19T10:34:57","date_gmt":"2024-03-19T09:34:57","guid":{"rendered":"https:\/\/hansa-flex.ch\/products\/hoses-and-hose-lines\/extremely-high-pressure-hoses\/"},"modified":"2024-05-14T00:46:18","modified_gmt":"2024-05-13T22:46:18","slug":"tuyaux-a-tres-haute-pression","status":"publish","type":"page","link":"https:\/\/hansa-flex.ch\/fr\/nos-produits\/tuyaux-et-conduites-flexibles\/tuyaux-a-tres-haute-pression\/","title":{"rendered":"Tuyaux \u00e0 tr\u00e8s haute pression"},"content":{"rendered":"\n<p>Les tuyaux extr\u00eamement haute pression HANSA-FLEX sont toujours le premier choix dans les syst\u00e8mes o\u00f9 r\u00e8gnent des pressions \u00e9lev\u00e9es. En effet, ils peuvent \u00eatre soumis \u00e0 des pressions allant jusqu&#8217;\u00e0 4 000 bars dans l&#8217;industrie p\u00e9troli\u00e8re et gazi\u00e8re, le jet d&#8217;eau, les applications hydrauliques et le secteur automobile. HANSA-FLEX fournit des tuyaux \u00e0 tr\u00e8s haute pression sp\u00e9cialement adapt\u00e9s \u00e0 vos besoins et livr\u00e9s sous forme de lignes de tuyaux pr\u00eates \u00e0 \u00eatre install\u00e9es.<\/p>\n","protected":false},"excerpt":{"rendered":"<p>Les tuyaux extr\u00eamement haute pression HANSA-FLEX sont toujours le premier choix dans les syst\u00e8mes o\u00f9 r\u00e8gnent des pressions \u00e9lev\u00e9es. En effet, ils peuvent \u00eatre soumis \u00e0 des pressions allant jusqu&#8217;\u00e0 4 000 bars dans l&#8217;industrie p\u00e9troli\u00e8re et gazi\u00e8re, le jet d&#8217;eau, les applications hydrauliques et le secteur automobile. HANSA-FLEX fournit des tuyaux \u00e0 tr\u00e8s haute [&hellip;]<\/p>\n","protected":false},"author":3,"featured_media":13316,"parent":13288,"menu_order":0,"comment_status":"closed","ping_status":"closed","template":"","meta":{"_acf_changed":true,"footnotes":""},"class_list":["post-13314","page","type-page","status-publish","has-post-thumbnail","hentry"],"acf":[],"_links":{"self":[{"href":"https:\/\/hansa-flex.ch\/fr\/wp-json\/wp\/v2\/pages\/13314","targetHints":{"allow":["GET"]}}],"collection":[{"href":"https:\/\/hansa-flex.ch\/fr\/wp-json\/wp\/v2\/pages"}],"about":[{"href":"https:\/\/hansa-flex.ch\/fr\/wp-json\/wp\/v2\/types\/page"}],"author":[{"embeddable":true,"href":"https:\/\/hansa-flex.ch\/fr\/wp-json\/wp\/v2\/users\/3"}],"replies":[{"embeddable":true,"href":"https:\/\/hansa-flex.ch\/fr\/wp-json\/wp\/v2\/comments?post=13314"}],"version-history":[{"count":0,"href":"https:\/\/hansa-flex.ch\/fr\/wp-json\/wp\/v2\/pages\/13314\/revisions"}],"up":[{"embeddable":true,"href":"https:\/\/hansa-flex.ch\/fr\/wp-json\/wp\/v2\/pages\/13288"}],"wp:featuredmedia":[{"embeddable":true,"href":"https:\/\/hansa-flex.ch\/fr\/wp-json\/wp\/v2\/media\/13316"}],"wp:attachment":[{"href":"https:\/\/hansa-flex.ch\/fr\/wp-json\/wp\/v2\/media?parent=13314"}],"curies":[{"name":"wp","href":"https:\/\/api.w.org\/{rel}","templated":true}]}}