{"id":13327,"date":"2024-03-18T12:25:01","date_gmt":"2024-03-18T11:25:01","guid":{"rendered":"https:\/\/hansa-flex.ch\/products\/hoses-and-hose-lines\/schlauchleitungskonfigurator\/"},"modified":"2024-05-30T22:32:25","modified_gmt":"2024-05-30T20:32:25","slug":"configurateur-de-tuyaux","status":"publish","type":"page","link":"https:\/\/hansa-flex.ch\/fr\/nos-produits\/tuyaux-et-conduites-flexibles\/configurateur-de-tuyaux\/","title":{"rendered":"Configurateur de tuyaux"},"content":{"rendered":"\n<p>Le configurateur de tuyaux HANSA-FLEX est un v\u00e9ritable jalon. Gr\u00e2ce \u00e0 notre configurateur num\u00e9rique de tuyaux hydrauliques, vous pouvez facilement configurer vous-m\u00eame des lignes de tuyaux (hydrauliques). En cinq \u00e9tapes, vous pouvez cr\u00e9er en ligne votre produit personnalis\u00e9 \u00e0 partir d&#8217;environ 90 tuyaux et 600 raccords en quelques minutes seulement. Commandez avec exp\u00e9dition ou click &amp;amp; collect et passez des commandes r\u00e9p\u00e9t\u00e9es en deux clics gr\u00e2ce \u00e0 X-CODE.<\/p>\n","protected":false},"excerpt":{"rendered":"<p>Le configurateur de tuyaux HANSA-FLEX est un v\u00e9ritable jalon. Gr\u00e2ce \u00e0 notre configurateur num\u00e9rique de tuyaux hydrauliques, vous pouvez facilement configurer vous-m\u00eame des lignes de tuyaux (hydrauliques). En cinq \u00e9tapes, vous pouvez cr\u00e9er en ligne votre produit personnalis\u00e9 \u00e0 partir d&#8217;environ 90 tuyaux et 600 raccords en quelques minutes seulement. Commandez avec exp\u00e9dition ou click [&hellip;]<\/p>\n","protected":false},"author":3,"featured_media":13328,"parent":13288,"menu_order":0,"comment_status":"closed","ping_status":"closed","template":"","meta":{"_acf_changed":true,"footnotes":""},"class_list":["post-13327","page","type-page","status-publish","has-post-thumbnail","hentry"],"acf":[],"_links":{"self":[{"href":"https:\/\/hansa-flex.ch\/fr\/wp-json\/wp\/v2\/pages\/13327","targetHints":{"allow":["GET"]}}],"collection":[{"href":"https:\/\/hansa-flex.ch\/fr\/wp-json\/wp\/v2\/pages"}],"about":[{"href":"https:\/\/hansa-flex.ch\/fr\/wp-json\/wp\/v2\/types\/page"}],"author":[{"embeddable":true,"href":"https:\/\/hansa-flex.ch\/fr\/wp-json\/wp\/v2\/users\/3"}],"replies":[{"embeddable":true,"href":"https:\/\/hansa-flex.ch\/fr\/wp-json\/wp\/v2\/comments?post=13327"}],"version-history":[{"count":0,"href":"https:\/\/hansa-flex.ch\/fr\/wp-json\/wp\/v2\/pages\/13327\/revisions"}],"up":[{"embeddable":true,"href":"https:\/\/hansa-flex.ch\/fr\/wp-json\/wp\/v2\/pages\/13288"}],"wp:featuredmedia":[{"embeddable":true,"href":"https:\/\/hansa-flex.ch\/fr\/wp-json\/wp\/v2\/media\/13328"}],"wp:attachment":[{"href":"https:\/\/hansa-flex.ch\/fr\/wp-json\/wp\/v2\/media?parent=13327"}],"curies":[{"name":"wp","href":"https:\/\/api.w.org\/{rel}","templated":true}]}}