{"id":13337,"date":"2024-03-18T14:40:11","date_gmt":"2024-03-18T13:40:11","guid":{"rendered":"https:\/\/hansa-flex.ch\/products\/hoses-and-hose-lines\/hydraulic-hoses\/"},"modified":"2024-05-30T22:32:07","modified_gmt":"2024-05-30T20:32:07","slug":"tuyaux-hydrauliques","status":"publish","type":"page","link":"https:\/\/hansa-flex.ch\/fr\/nos-produits\/tuyaux-et-conduites-flexibles\/tuyaux-hydrauliques\/","title":{"rendered":"Tuyaux hydrauliques"},"content":{"rendered":"\n<p>Les tuyaux hydrauliques transf\u00e8rent le fluide en toute s\u00e9curit\u00e9 dans le syst\u00e8me. Leur flexibilit\u00e9 signifie qu&#8217;ils n\u00e9cessitent tr\u00e8s peu d&#8217;espace d&#8217;installation. La gamme HANSA-FLEX comprend des tuyaux \u00e9lastom\u00e8res et thermoplastiques dont les supports de pression sont constitu\u00e9s d&#8217;une tresse en textile ou en acier ou de plusieurs couches de fils d&#8217;acier enroul\u00e9s en spirale. Cela leur permet de transporter des fluides \u00e0 des pressions allant jusqu&#8217;\u00e0 500 bars. Les tuyaux sont utilis\u00e9s dans de nombreuses applications dans le domaine de l&#8217;hydraulique mobile et stationnaire.<\/p>\n","protected":false},"excerpt":{"rendered":"<p>Les tuyaux hydrauliques transf\u00e8rent le fluide en toute s\u00e9curit\u00e9 dans le syst\u00e8me. Leur flexibilit\u00e9 signifie qu&#8217;ils n\u00e9cessitent tr\u00e8s peu d&#8217;espace d&#8217;installation. La gamme HANSA-FLEX comprend des tuyaux \u00e9lastom\u00e8res et thermoplastiques dont les supports de pression sont constitu\u00e9s d&#8217;une tresse en textile ou en acier ou de plusieurs couches de fils d&#8217;acier enroul\u00e9s en spirale. Cela [&hellip;]<\/p>\n","protected":false},"author":3,"featured_media":13341,"parent":13288,"menu_order":0,"comment_status":"closed","ping_status":"closed","template":"","meta":{"_acf_changed":true,"footnotes":""},"class_list":["post-13337","page","type-page","status-publish","has-post-thumbnail","hentry"],"acf":[],"_links":{"self":[{"href":"https:\/\/hansa-flex.ch\/fr\/wp-json\/wp\/v2\/pages\/13337","targetHints":{"allow":["GET"]}}],"collection":[{"href":"https:\/\/hansa-flex.ch\/fr\/wp-json\/wp\/v2\/pages"}],"about":[{"href":"https:\/\/hansa-flex.ch\/fr\/wp-json\/wp\/v2\/types\/page"}],"author":[{"embeddable":true,"href":"https:\/\/hansa-flex.ch\/fr\/wp-json\/wp\/v2\/users\/3"}],"replies":[{"embeddable":true,"href":"https:\/\/hansa-flex.ch\/fr\/wp-json\/wp\/v2\/comments?post=13337"}],"version-history":[{"count":0,"href":"https:\/\/hansa-flex.ch\/fr\/wp-json\/wp\/v2\/pages\/13337\/revisions"}],"up":[{"embeddable":true,"href":"https:\/\/hansa-flex.ch\/fr\/wp-json\/wp\/v2\/pages\/13288"}],"wp:featuredmedia":[{"embeddable":true,"href":"https:\/\/hansa-flex.ch\/fr\/wp-json\/wp\/v2\/media\/13341"}],"wp:attachment":[{"href":"https:\/\/hansa-flex.ch\/fr\/wp-json\/wp\/v2\/media?parent=13337"}],"curies":[{"name":"wp","href":"https:\/\/api.w.org\/{rel}","templated":true}]}}