{"id":13358,"date":"2024-03-18T16:52:30","date_gmt":"2024-03-18T15:52:30","guid":{"rendered":"https:\/\/hansa-flex.ch\/products\/hoses-and-hose-lines\/industrial-hoses\/"},"modified":"2024-05-30T22:31:14","modified_gmt":"2024-05-30T20:31:14","slug":"tuyaux-industriels","status":"publish","type":"page","link":"https:\/\/hansa-flex.ch\/fr\/nos-produits\/tuyaux-et-conduites-flexibles\/tuyaux-industriels\/","title":{"rendered":"Tuyaux industriels"},"content":{"rendered":"\n<p>Les tuyaux industriels trouvent leur application l\u00e0 o\u00f9 le fluide n&#8217;est pas utilis\u00e9 pour transmettre de l&#8217;\u00e9nergie. Les tuyaux industriels transportent les fluides les plus divers, de l&#8217;eau \u00e0 l&#8217;air, en passant par les substances chimiques, les carburants et les gaz, dans presque tous les domaines de l&#8217;industrie. Dans son atelier sp\u00e9cialis\u00e9 dans les tuyaux, HANSA-FLEX r\u00e9pond aux besoins des clients en respectant les normes de qualit\u00e9 les plus strictes et les d\u00e9lais de livraison les plus courts. Vous trouverez un large choix de tuyaux industriels dans la boutique en ligne de HANSA-FLEX.<\/p>\n","protected":false},"excerpt":{"rendered":"<p>Les tuyaux industriels trouvent leur application l\u00e0 o\u00f9 le fluide n&#8217;est pas utilis\u00e9 pour transmettre de l&#8217;\u00e9nergie. Les tuyaux industriels transportent les fluides les plus divers, de l&#8217;eau \u00e0 l&#8217;air, en passant par les substances chimiques, les carburants et les gaz, dans presque tous les domaines de l&#8217;industrie. Dans son atelier sp\u00e9cialis\u00e9 dans les tuyaux, [&hellip;]<\/p>\n","protected":false},"author":3,"featured_media":13360,"parent":13288,"menu_order":0,"comment_status":"closed","ping_status":"closed","template":"","meta":{"_acf_changed":true,"footnotes":""},"class_list":["post-13358","page","type-page","status-publish","has-post-thumbnail","hentry"],"acf":[],"_links":{"self":[{"href":"https:\/\/hansa-flex.ch\/fr\/wp-json\/wp\/v2\/pages\/13358","targetHints":{"allow":["GET"]}}],"collection":[{"href":"https:\/\/hansa-flex.ch\/fr\/wp-json\/wp\/v2\/pages"}],"about":[{"href":"https:\/\/hansa-flex.ch\/fr\/wp-json\/wp\/v2\/types\/page"}],"author":[{"embeddable":true,"href":"https:\/\/hansa-flex.ch\/fr\/wp-json\/wp\/v2\/users\/3"}],"replies":[{"embeddable":true,"href":"https:\/\/hansa-flex.ch\/fr\/wp-json\/wp\/v2\/comments?post=13358"}],"version-history":[{"count":0,"href":"https:\/\/hansa-flex.ch\/fr\/wp-json\/wp\/v2\/pages\/13358\/revisions"}],"up":[{"embeddable":true,"href":"https:\/\/hansa-flex.ch\/fr\/wp-json\/wp\/v2\/pages\/13288"}],"wp:featuredmedia":[{"embeddable":true,"href":"https:\/\/hansa-flex.ch\/fr\/wp-json\/wp\/v2\/media\/13360"}],"wp:attachment":[{"href":"https:\/\/hansa-flex.ch\/fr\/wp-json\/wp\/v2\/media?parent=13358"}],"curies":[{"name":"wp","href":"https:\/\/api.w.org\/{rel}","templated":true}]}}