{"id":13373,"date":"2024-03-18T15:47:55","date_gmt":"2024-03-18T14:47:55","guid":{"rendered":"https:\/\/hansa-flex.ch\/products\/hoses-and-hose-lines\/metal-hoses\/"},"modified":"2024-05-14T02:00:34","modified_gmt":"2024-05-14T00:00:34","slug":"tuyaux-metalliques","status":"publish","type":"page","link":"https:\/\/hansa-flex.ch\/fr\/nos-produits\/tuyaux-et-conduites-flexibles\/tuyaux-metalliques\/","title":{"rendered":"Tuyaux m\u00e9talliques"},"content":{"rendered":"\n<p>Les mat\u00e9riaux utilis\u00e9s pour les tuyaux m\u00e9talliques les rendent extr\u00eamement r\u00e9sistants \u00e0 la corrosion et \u00e0 l&#8217;abrasion. Leur excellente tol\u00e9rance \u00e0 la temp\u00e9rature, leur r\u00e9sistance au vide et leur tr\u00e8s faible perm\u00e9abilit\u00e9 font des tuyaux m\u00e9talliques le choix privil\u00e9gi\u00e9 pour le transport de substances solides, liquides et gazeuses dans des conditions particuli\u00e8rement exigeantes. HANSA-FLEX offre des conseils complets sur la s\u00e9lection de la meilleure solution pour les tuyaux m\u00e9talliques.<\/p>\n","protected":false},"excerpt":{"rendered":"<p>Les mat\u00e9riaux utilis\u00e9s pour les tuyaux m\u00e9talliques les rendent extr\u00eamement r\u00e9sistants \u00e0 la corrosion et \u00e0 l&#8217;abrasion. Leur excellente tol\u00e9rance \u00e0 la temp\u00e9rature, leur r\u00e9sistance au vide et leur tr\u00e8s faible perm\u00e9abilit\u00e9 font des tuyaux m\u00e9talliques le choix privil\u00e9gi\u00e9 pour le transport de substances solides, liquides et gazeuses dans des conditions particuli\u00e8rement exigeantes. HANSA-FLEX offre [&hellip;]<\/p>\n","protected":false},"author":3,"featured_media":13376,"parent":13288,"menu_order":0,"comment_status":"closed","ping_status":"closed","template":"","meta":{"_acf_changed":true,"footnotes":""},"class_list":["post-13373","page","type-page","status-publish","has-post-thumbnail","hentry"],"acf":[],"_links":{"self":[{"href":"https:\/\/hansa-flex.ch\/fr\/wp-json\/wp\/v2\/pages\/13373","targetHints":{"allow":["GET"]}}],"collection":[{"href":"https:\/\/hansa-flex.ch\/fr\/wp-json\/wp\/v2\/pages"}],"about":[{"href":"https:\/\/hansa-flex.ch\/fr\/wp-json\/wp\/v2\/types\/page"}],"author":[{"embeddable":true,"href":"https:\/\/hansa-flex.ch\/fr\/wp-json\/wp\/v2\/users\/3"}],"replies":[{"embeddable":true,"href":"https:\/\/hansa-flex.ch\/fr\/wp-json\/wp\/v2\/comments?post=13373"}],"version-history":[{"count":0,"href":"https:\/\/hansa-flex.ch\/fr\/wp-json\/wp\/v2\/pages\/13373\/revisions"}],"up":[{"embeddable":true,"href":"https:\/\/hansa-flex.ch\/fr\/wp-json\/wp\/v2\/pages\/13288"}],"wp:featuredmedia":[{"embeddable":true,"href":"https:\/\/hansa-flex.ch\/fr\/wp-json\/wp\/v2\/media\/13376"}],"wp:attachment":[{"href":"https:\/\/hansa-flex.ch\/fr\/wp-json\/wp\/v2\/media?parent=13373"}],"curies":[{"name":"wp","href":"https:\/\/api.w.org\/{rel}","templated":true}]}}