{"id":13388,"date":"2024-03-19T10:50:27","date_gmt":"2024-03-19T09:50:27","guid":{"rendered":"https:\/\/hansa-flex.ch\/products\/hoses-and-hose-lines\/ptfe-hoses\/"},"modified":"2024-05-30T22:35:27","modified_gmt":"2024-05-30T20:35:27","slug":"tuyaux-en-ptfe","status":"publish","type":"page","link":"https:\/\/hansa-flex.ch\/fr\/nos-produits\/tuyaux-et-conduites-flexibles\/tuyaux-en-ptfe\/","title":{"rendered":"Tuyaux en PTFE"},"content":{"rendered":"\n<p>Les tuyaux en PTFE de HANSA-FLEX se distinguent par leur excellente r\u00e9sistance chimique \u00e0 la plupart des fluides, leur grande flexibilit\u00e9 et leur longue dur\u00e9e de vie. Dans l&#8217;industrie alimentaire et pharmaceutique, leur neutralit\u00e9 en termes de go\u00fbt et d&#8217;odeur ainsi que leur s\u00e9curit\u00e9 bact\u00e9riologique les rendent id\u00e9aux pour le transport de produits potentiellement probl\u00e9matiques. Dans la construction navale ou l&#8217;industrie a\u00e9rospatiale, les tuyaux en PTFE transportent en toute s\u00e9curit\u00e9 du carburant ou de l&#8217;eau de refroidissement.<\/p>\n","protected":false},"excerpt":{"rendered":"<p>Les tuyaux en PTFE de HANSA-FLEX se distinguent par leur excellente r\u00e9sistance chimique \u00e0 la plupart des fluides, leur grande flexibilit\u00e9 et leur longue dur\u00e9e de vie. Dans l&#8217;industrie alimentaire et pharmaceutique, leur neutralit\u00e9 en termes de go\u00fbt et d&#8217;odeur ainsi que leur s\u00e9curit\u00e9 bact\u00e9riologique les rendent id\u00e9aux pour le transport de produits potentiellement probl\u00e9matiques. [&hellip;]<\/p>\n","protected":false},"author":3,"featured_media":13390,"parent":13288,"menu_order":0,"comment_status":"closed","ping_status":"closed","template":"","meta":{"_acf_changed":true,"footnotes":""},"class_list":["post-13388","page","type-page","status-publish","has-post-thumbnail","hentry"],"acf":[],"_links":{"self":[{"href":"https:\/\/hansa-flex.ch\/fr\/wp-json\/wp\/v2\/pages\/13388","targetHints":{"allow":["GET"]}}],"collection":[{"href":"https:\/\/hansa-flex.ch\/fr\/wp-json\/wp\/v2\/pages"}],"about":[{"href":"https:\/\/hansa-flex.ch\/fr\/wp-json\/wp\/v2\/types\/page"}],"author":[{"embeddable":true,"href":"https:\/\/hansa-flex.ch\/fr\/wp-json\/wp\/v2\/users\/3"}],"replies":[{"embeddable":true,"href":"https:\/\/hansa-flex.ch\/fr\/wp-json\/wp\/v2\/comments?post=13388"}],"version-history":[{"count":0,"href":"https:\/\/hansa-flex.ch\/fr\/wp-json\/wp\/v2\/pages\/13388\/revisions"}],"up":[{"embeddable":true,"href":"https:\/\/hansa-flex.ch\/fr\/wp-json\/wp\/v2\/pages\/13288"}],"wp:featuredmedia":[{"embeddable":true,"href":"https:\/\/hansa-flex.ch\/fr\/wp-json\/wp\/v2\/media\/13390"}],"wp:attachment":[{"href":"https:\/\/hansa-flex.ch\/fr\/wp-json\/wp\/v2\/media?parent=13388"}],"curies":[{"name":"wp","href":"https:\/\/api.w.org\/{rel}","templated":true}]}}