{"id":13400,"date":"2024-03-19T16:11:27","date_gmt":"2024-03-19T15:11:27","guid":{"rendered":"https:\/\/hansa-flex.ch\/products\/hydraulic-connection-technology\/"},"modified":"2024-05-13T21:37:35","modified_gmt":"2024-05-13T19:37:35","slug":"technique-de-raccordement-hydraulique","status":"publish","type":"page","link":"https:\/\/hansa-flex.ch\/fr\/nos-produits\/technique-de-raccordement-hydraulique\/","title":{"rendered":"Technique de raccordement hydraulique"},"content":{"rendered":"\n<p>Les \u00e9l\u00e9ments de raccordement hydrauliques, tels que les adaptateurs, les raccords et les connecteurs filet\u00e9s, constituent un moyen essentiel d&#8217;assembler les composants dans les syst\u00e8mes hydrauliques. Ils garantissent que l&#8217;\u00e9nergie peut \u00eatre transf\u00e9r\u00e9e en toute s\u00e9curit\u00e9 entre les diff\u00e9rents composants. HANSA-FLEX propose un large \u00e9ventail de produits dans le domaine de la technique de raccordement, la plupart des articles \u00e9tant g\u00e9n\u00e9ralement disponibles en stock \u00e0 tout moment. Tous les produits r\u00e9pondent aux normes de qualit\u00e9 les plus \u00e9lev\u00e9es, confirm\u00e9es par des tests de produits.<\/p>\n","protected":false},"excerpt":{"rendered":"<p>Les \u00e9l\u00e9ments de raccordement hydrauliques, tels que les adaptateurs, les raccords et les connecteurs filet\u00e9s, constituent un moyen essentiel d&#8217;assembler les composants dans les syst\u00e8mes hydrauliques. Ils garantissent que l&#8217;\u00e9nergie peut \u00eatre transf\u00e9r\u00e9e en toute s\u00e9curit\u00e9 entre les diff\u00e9rents composants. HANSA-FLEX propose un large \u00e9ventail de produits dans le domaine de la technique de raccordement, [&hellip;]<\/p>\n","protected":false},"author":3,"featured_media":13404,"parent":13058,"menu_order":0,"comment_status":"closed","ping_status":"closed","template":"","meta":{"_acf_changed":true,"footnotes":""},"class_list":["post-13400","page","type-page","status-publish","has-post-thumbnail","hentry"],"acf":[],"_links":{"self":[{"href":"https:\/\/hansa-flex.ch\/fr\/wp-json\/wp\/v2\/pages\/13400","targetHints":{"allow":["GET"]}}],"collection":[{"href":"https:\/\/hansa-flex.ch\/fr\/wp-json\/wp\/v2\/pages"}],"about":[{"href":"https:\/\/hansa-flex.ch\/fr\/wp-json\/wp\/v2\/types\/page"}],"author":[{"embeddable":true,"href":"https:\/\/hansa-flex.ch\/fr\/wp-json\/wp\/v2\/users\/3"}],"replies":[{"embeddable":true,"href":"https:\/\/hansa-flex.ch\/fr\/wp-json\/wp\/v2\/comments?post=13400"}],"version-history":[{"count":0,"href":"https:\/\/hansa-flex.ch\/fr\/wp-json\/wp\/v2\/pages\/13400\/revisions"}],"up":[{"embeddable":true,"href":"https:\/\/hansa-flex.ch\/fr\/wp-json\/wp\/v2\/pages\/13058"}],"wp:featuredmedia":[{"embeddable":true,"href":"https:\/\/hansa-flex.ch\/fr\/wp-json\/wp\/v2\/media\/13404"}],"wp:attachment":[{"href":"https:\/\/hansa-flex.ch\/fr\/wp-json\/wp\/v2\/media?parent=13400"}],"curies":[{"name":"wp","href":"https:\/\/api.w.org\/{rel}","templated":true}]}}