{"id":13415,"date":"2024-03-20T11:56:30","date_gmt":"2024-03-20T10:56:30","guid":{"rendered":"https:\/\/hansa-flex.ch\/products\/hydraulic-connection-technology\/adapters\/"},"modified":"2024-05-30T22:07:45","modified_gmt":"2024-05-30T20:07:45","slug":"adaptateurs","status":"publish","type":"page","link":"https:\/\/hansa-flex.ch\/fr\/nos-produits\/technique-de-raccordement-hydraulique\/adaptateurs\/","title":{"rendered":"Adaptateurs"},"content":{"rendered":"\n<p>Les adaptateurs cr\u00e9ent une connexion s\u00fbre et sans fuite entre des composants ayant des types de filetage diff\u00e9rents. HANSA-FLEX propose une vaste gamme d&#8217;adaptateurs hydrauliques, tels que des adaptateurs filet\u00e9s ou de transition dans toutes les formes de raccordement courantes et conformes \u00e0 toutes les normes, ainsi que des formes sp\u00e9ciales, notamment des raccords SAE \u00e0 45\u00b0. Avec un rev\u00eatement de surface zinc-nickel, les adaptateurs pr\u00e9sentent \u00e9galement une r\u00e9sistance \u00e0 la corrosion extr\u00eamement \u00e9lev\u00e9e contre la rouille rouge.<\/p>\n","protected":false},"excerpt":{"rendered":"<p>Les adaptateurs cr\u00e9ent une connexion s\u00fbre et sans fuite entre des composants ayant des types de filetage diff\u00e9rents. HANSA-FLEX propose une vaste gamme d&#8217;adaptateurs hydrauliques, tels que des adaptateurs filet\u00e9s ou de transition dans toutes les formes de raccordement courantes et conformes \u00e0 toutes les normes, ainsi que des formes sp\u00e9ciales, notamment des raccords SAE [&hellip;]<\/p>\n","protected":false},"author":3,"featured_media":13419,"parent":13400,"menu_order":0,"comment_status":"closed","ping_status":"closed","template":"","meta":{"_acf_changed":true,"footnotes":""},"class_list":["post-13415","page","type-page","status-publish","has-post-thumbnail","hentry"],"acf":[],"_links":{"self":[{"href":"https:\/\/hansa-flex.ch\/fr\/wp-json\/wp\/v2\/pages\/13415","targetHints":{"allow":["GET"]}}],"collection":[{"href":"https:\/\/hansa-flex.ch\/fr\/wp-json\/wp\/v2\/pages"}],"about":[{"href":"https:\/\/hansa-flex.ch\/fr\/wp-json\/wp\/v2\/types\/page"}],"author":[{"embeddable":true,"href":"https:\/\/hansa-flex.ch\/fr\/wp-json\/wp\/v2\/users\/3"}],"replies":[{"embeddable":true,"href":"https:\/\/hansa-flex.ch\/fr\/wp-json\/wp\/v2\/comments?post=13415"}],"version-history":[{"count":0,"href":"https:\/\/hansa-flex.ch\/fr\/wp-json\/wp\/v2\/pages\/13415\/revisions"}],"up":[{"embeddable":true,"href":"https:\/\/hansa-flex.ch\/fr\/wp-json\/wp\/v2\/pages\/13400"}],"wp:featuredmedia":[{"embeddable":true,"href":"https:\/\/hansa-flex.ch\/fr\/wp-json\/wp\/v2\/media\/13419"}],"wp:attachment":[{"href":"https:\/\/hansa-flex.ch\/fr\/wp-json\/wp\/v2\/media?parent=13415"}],"curies":[{"name":"wp","href":"https:\/\/api.w.org\/{rel}","templated":true}]}}