{"id":13436,"date":"2024-03-20T14:17:12","date_gmt":"2024-03-20T13:17:12","guid":{"rendered":"https:\/\/hansa-flex.ch\/products\/hydraulic-connection-technology\/ball-valves\/"},"modified":"2024-05-30T22:06:20","modified_gmt":"2024-05-30T20:06:20","slug":"vannes-a-bille","status":"publish","type":"page","link":"https:\/\/hansa-flex.ch\/fr\/nos-produits\/technique-de-raccordement-hydraulique\/vannes-a-bille\/","title":{"rendered":"Vannes \u00e0 bille"},"content":{"rendered":"\n<p>Les vannes \u00e0 bille HANSA-FLEX sont utilis\u00e9es pour fermer et d\u00e9vier le flux dans les syst\u00e8mes de tuyauterie hydraulique \u00e0 des pressions allant jusqu&#8217;\u00e0 500 bars et \u00e9vitent ainsi de devoir convertir ou d\u00e9sinstaller des composants. Les vannes ont une bille flottante entre les joints, ce qui signifie qu&#8217;elles n\u00e9cessitent peu d&#8217;entretien et n&#8217;ont que de faibles pertes gr\u00e2ce \u00e0 leur grand al\u00e9sage. Les robinets \u00e0 tournant sph\u00e9rique HANSA-FLEX r\u00e9pondent aux exigences de toutes les normes et r\u00e9glementations de s\u00e9curit\u00e9 en mati\u00e8re de r\u00e9sistance et d&#8217;\u00e9tanch\u00e9it\u00e9.<\/p>\n","protected":false},"excerpt":{"rendered":"<p>Les vannes \u00e0 bille HANSA-FLEX sont utilis\u00e9es pour fermer et d\u00e9vier le flux dans les syst\u00e8mes de tuyauterie hydraulique \u00e0 des pressions allant jusqu&#8217;\u00e0 500 bars et \u00e9vitent ainsi de devoir convertir ou d\u00e9sinstaller des composants. Les vannes ont une bille flottante entre les joints, ce qui signifie qu&#8217;elles n\u00e9cessitent peu d&#8217;entretien et n&#8217;ont que [&hellip;]<\/p>\n","protected":false},"author":3,"featured_media":13439,"parent":13400,"menu_order":0,"comment_status":"closed","ping_status":"closed","template":"","meta":{"_acf_changed":true,"footnotes":""},"class_list":["post-13436","page","type-page","status-publish","has-post-thumbnail","hentry"],"acf":[],"_links":{"self":[{"href":"https:\/\/hansa-flex.ch\/fr\/wp-json\/wp\/v2\/pages\/13436","targetHints":{"allow":["GET"]}}],"collection":[{"href":"https:\/\/hansa-flex.ch\/fr\/wp-json\/wp\/v2\/pages"}],"about":[{"href":"https:\/\/hansa-flex.ch\/fr\/wp-json\/wp\/v2\/types\/page"}],"author":[{"embeddable":true,"href":"https:\/\/hansa-flex.ch\/fr\/wp-json\/wp\/v2\/users\/3"}],"replies":[{"embeddable":true,"href":"https:\/\/hansa-flex.ch\/fr\/wp-json\/wp\/v2\/comments?post=13436"}],"version-history":[{"count":0,"href":"https:\/\/hansa-flex.ch\/fr\/wp-json\/wp\/v2\/pages\/13436\/revisions"}],"up":[{"embeddable":true,"href":"https:\/\/hansa-flex.ch\/fr\/wp-json\/wp\/v2\/pages\/13400"}],"wp:featuredmedia":[{"embeddable":true,"href":"https:\/\/hansa-flex.ch\/fr\/wp-json\/wp\/v2\/media\/13439"}],"wp:attachment":[{"href":"https:\/\/hansa-flex.ch\/fr\/wp-json\/wp\/v2\/media?parent=13436"}],"curies":[{"name":"wp","href":"https:\/\/api.w.org\/{rel}","templated":true}]}}