{"id":13443,"date":"2024-03-20T12:25:31","date_gmt":"2024-03-20T11:25:31","guid":{"rendered":"https:\/\/hansa-flex.ch\/products\/hydraulic-connection-technology\/couplings\/"},"modified":"2024-05-30T22:06:43","modified_gmt":"2024-05-30T20:06:43","slug":"raccords","status":"publish","type":"page","link":"https:\/\/hansa-flex.ch\/fr\/nos-produits\/technique-de-raccordement-hydraulique\/raccords\/","title":{"rendered":"Raccords"},"content":{"rendered":"\n<p>Les raccords sont la meilleure option dans les situations o\u00f9 les accessoires doivent \u00eatre rapidement remplac\u00e9s, les machines raccord\u00e9es en toute s\u00e9curit\u00e9 ou les conduites flexibles tr\u00e8s charg\u00e9es des syst\u00e8mes hydrauliques mobiles et fixes remplac\u00e9es.<\/p>\n","protected":false},"excerpt":{"rendered":"<p>Les raccords sont la meilleure option dans les situations o\u00f9 les accessoires doivent \u00eatre rapidement remplac\u00e9s, les machines raccord\u00e9es en toute s\u00e9curit\u00e9 ou les conduites flexibles tr\u00e8s charg\u00e9es des syst\u00e8mes hydrauliques mobiles et fixes remplac\u00e9es.<\/p>\n","protected":false},"author":3,"featured_media":13448,"parent":13400,"menu_order":0,"comment_status":"closed","ping_status":"closed","template":"","meta":{"_acf_changed":true,"footnotes":""},"class_list":["post-13443","page","type-page","status-publish","has-post-thumbnail","hentry"],"acf":[],"_links":{"self":[{"href":"https:\/\/hansa-flex.ch\/fr\/wp-json\/wp\/v2\/pages\/13443","targetHints":{"allow":["GET"]}}],"collection":[{"href":"https:\/\/hansa-flex.ch\/fr\/wp-json\/wp\/v2\/pages"}],"about":[{"href":"https:\/\/hansa-flex.ch\/fr\/wp-json\/wp\/v2\/types\/page"}],"author":[{"embeddable":true,"href":"https:\/\/hansa-flex.ch\/fr\/wp-json\/wp\/v2\/users\/3"}],"replies":[{"embeddable":true,"href":"https:\/\/hansa-flex.ch\/fr\/wp-json\/wp\/v2\/comments?post=13443"}],"version-history":[{"count":0,"href":"https:\/\/hansa-flex.ch\/fr\/wp-json\/wp\/v2\/pages\/13443\/revisions"}],"up":[{"embeddable":true,"href":"https:\/\/hansa-flex.ch\/fr\/wp-json\/wp\/v2\/pages\/13400"}],"wp:featuredmedia":[{"embeddable":true,"href":"https:\/\/hansa-flex.ch\/fr\/wp-json\/wp\/v2\/media\/13448"}],"wp:attachment":[{"href":"https:\/\/hansa-flex.ch\/fr\/wp-json\/wp\/v2\/media?parent=13443"}],"curies":[{"name":"wp","href":"https:\/\/api.w.org\/{rel}","templated":true}]}}