{"id":13469,"date":"2024-03-20T15:00:13","date_gmt":"2024-03-20T14:00:13","guid":{"rendered":"https:\/\/hansa-flex.ch\/products\/hydraulic-connection-technology\/flanges\/"},"modified":"2024-05-30T22:04:49","modified_gmt":"2024-05-30T20:04:49","slug":"brides","status":"publish","type":"page","link":"https:\/\/hansa-flex.ch\/fr\/nos-produits\/technique-de-raccordement-hydraulique\/brides\/","title":{"rendered":"Brides"},"content":{"rendered":"\n<p>Les raccords \u00e0 bride HANSA-FLEX sont id\u00e9aux pour les applications \u00e0 haute pression de grand diam\u00e8tre et les situations d&#8217;installation restreintes Les raccords \u00e0 bride sont intrins\u00e8quement r\u00e9sistants aux chocs et aux vibrations. En outre, ils peuvent \u00eatre install\u00e9s sans trop d&#8217;efforts, m\u00eame pour des diam\u00e8tres nominaux importants, et dans les espaces d&#8217;installation les plus restreints. Ils offrent de multiples avantages par rapport aux raccords viss\u00e9s de m\u00eame taille.<\/p>\n","protected":false},"excerpt":{"rendered":"<p>Les raccords \u00e0 bride HANSA-FLEX sont id\u00e9aux pour les applications \u00e0 haute pression de grand diam\u00e8tre et les situations d&#8217;installation restreintes Les raccords \u00e0 bride sont intrins\u00e8quement r\u00e9sistants aux chocs et aux vibrations. En outre, ils peuvent \u00eatre install\u00e9s sans trop d&#8217;efforts, m\u00eame pour des diam\u00e8tres nominaux importants, et dans les espaces d&#8217;installation les plus [&hellip;]<\/p>\n","protected":false},"author":3,"featured_media":13472,"parent":13400,"menu_order":0,"comment_status":"closed","ping_status":"closed","template":"","meta":{"_acf_changed":true,"footnotes":""},"class_list":["post-13469","page","type-page","status-publish","has-post-thumbnail","hentry"],"acf":[],"_links":{"self":[{"href":"https:\/\/hansa-flex.ch\/fr\/wp-json\/wp\/v2\/pages\/13469","targetHints":{"allow":["GET"]}}],"collection":[{"href":"https:\/\/hansa-flex.ch\/fr\/wp-json\/wp\/v2\/pages"}],"about":[{"href":"https:\/\/hansa-flex.ch\/fr\/wp-json\/wp\/v2\/types\/page"}],"author":[{"embeddable":true,"href":"https:\/\/hansa-flex.ch\/fr\/wp-json\/wp\/v2\/users\/3"}],"replies":[{"embeddable":true,"href":"https:\/\/hansa-flex.ch\/fr\/wp-json\/wp\/v2\/comments?post=13469"}],"version-history":[{"count":0,"href":"https:\/\/hansa-flex.ch\/fr\/wp-json\/wp\/v2\/pages\/13469\/revisions"}],"up":[{"embeddable":true,"href":"https:\/\/hansa-flex.ch\/fr\/wp-json\/wp\/v2\/pages\/13400"}],"wp:featuredmedia":[{"embeddable":true,"href":"https:\/\/hansa-flex.ch\/fr\/wp-json\/wp\/v2\/media\/13472"}],"wp:attachment":[{"href":"https:\/\/hansa-flex.ch\/fr\/wp-json\/wp\/v2\/media?parent=13469"}],"curies":[{"name":"wp","href":"https:\/\/api.w.org\/{rel}","templated":true}]}}