{"id":13481,"date":"2024-03-19T16:47:22","date_gmt":"2024-03-19T15:47:22","guid":{"rendered":"https:\/\/hansa-flex.ch\/products\/hydraulic-connection-technology\/hose-fittings\/"},"modified":"2024-05-30T22:27:10","modified_gmt":"2024-05-30T20:27:10","slug":"raccords-de-tuyaux","status":"publish","type":"page","link":"https:\/\/hansa-flex.ch\/fr\/nos-produits\/technique-de-raccordement-hydraulique\/raccords-de-tuyaux\/","title":{"rendered":"Raccords de tuyaux"},"content":{"rendered":"\n<p>Les raccords con\u00e7us et fabriqu\u00e9s par HANSA-FLEX sont parfaits pour \u00eatre utilis\u00e9s avec le type de tuyau appropri\u00e9. Ils garantissent une connexion s\u00fbre et sans fuite. La gamme comprend tous les diam\u00e8tres nominaux et types de raccords courants et est conforme aux normes internationales (BS, SAE, DIN et NF). Les raccords sont rev\u00eatus de zinc-nickel et r\u00e9pondent aux exigences les plus \u00e9lev\u00e9es en mati\u00e8re de durabilit\u00e9 et de r\u00e9sistance \u00e0 la corrosion.<\/p>\n","protected":false},"excerpt":{"rendered":"<p>Les raccords con\u00e7us et fabriqu\u00e9s par HANSA-FLEX sont parfaits pour \u00eatre utilis\u00e9s avec le type de tuyau appropri\u00e9. Ils garantissent une connexion s\u00fbre et sans fuite. La gamme comprend tous les diam\u00e8tres nominaux et types de raccords courants et est conforme aux normes internationales (BS, SAE, DIN et NF). Les raccords sont rev\u00eatus de zinc-nickel [&hellip;]<\/p>\n","protected":false},"author":3,"featured_media":13485,"parent":13400,"menu_order":0,"comment_status":"closed","ping_status":"closed","template":"","meta":{"_acf_changed":true,"footnotes":""},"class_list":["post-13481","page","type-page","status-publish","has-post-thumbnail","hentry"],"acf":[],"_links":{"self":[{"href":"https:\/\/hansa-flex.ch\/fr\/wp-json\/wp\/v2\/pages\/13481","targetHints":{"allow":["GET"]}}],"collection":[{"href":"https:\/\/hansa-flex.ch\/fr\/wp-json\/wp\/v2\/pages"}],"about":[{"href":"https:\/\/hansa-flex.ch\/fr\/wp-json\/wp\/v2\/types\/page"}],"author":[{"embeddable":true,"href":"https:\/\/hansa-flex.ch\/fr\/wp-json\/wp\/v2\/users\/3"}],"replies":[{"embeddable":true,"href":"https:\/\/hansa-flex.ch\/fr\/wp-json\/wp\/v2\/comments?post=13481"}],"version-history":[{"count":0,"href":"https:\/\/hansa-flex.ch\/fr\/wp-json\/wp\/v2\/pages\/13481\/revisions"}],"up":[{"embeddable":true,"href":"https:\/\/hansa-flex.ch\/fr\/wp-json\/wp\/v2\/pages\/13400"}],"wp:featuredmedia":[{"embeddable":true,"href":"https:\/\/hansa-flex.ch\/fr\/wp-json\/wp\/v2\/media\/13485"}],"wp:attachment":[{"href":"https:\/\/hansa-flex.ch\/fr\/wp-json\/wp\/v2\/media?parent=13481"}],"curies":[{"name":"wp","href":"https:\/\/api.w.org\/{rel}","templated":true}]}}