{"id":13497,"date":"2024-03-19T17:30:49","date_gmt":"2024-03-19T16:30:49","guid":{"rendered":"https:\/\/hansa-flex.ch\/products\/hydraulic-connection-technology\/pipe-fittings\/"},"modified":"2024-05-13T23:22:20","modified_gmt":"2024-05-13T21:22:20","slug":"raccords-de-tuyauterie","status":"publish","type":"page","link":"https:\/\/hansa-flex.ch\/fr\/nos-produits\/technique-de-raccordement-hydraulique\/raccords-de-tuyauterie\/","title":{"rendered":"Raccords de tuyauterie"},"content":{"rendered":"\n<p>Dans les syst\u00e8mes hydrauliques, les transitions entre les composants doivent toujours faire l&#8217;objet d&#8217;une attention particuli\u00e8re. Les raccords de tuyauterie de HANSA-FLEX sont normalis\u00e9s conform\u00e9ment aux normes DIN EN ISO 8434-1 et DIN 2353. Leur ajustement positif \u00e9tanche garantit une connexion fiable, m\u00eame en cas de pressions de service \u00e9lev\u00e9es, de pics de pression et de vibrations. Ils sont \u00e9tanches aux fuites de liquides et de gaz, pr\u00e9sentent des transitions optimis\u00e9es en termes de d\u00e9bit et sont disponibles en diff\u00e9rents types, tailles et mat\u00e9riaux.<\/p>\n","protected":false},"excerpt":{"rendered":"<p>Dans les syst\u00e8mes hydrauliques, les transitions entre les composants doivent toujours faire l&#8217;objet d&#8217;une attention particuli\u00e8re. Les raccords de tuyauterie de HANSA-FLEX sont normalis\u00e9s conform\u00e9ment aux normes DIN EN ISO 8434-1 et DIN 2353. Leur ajustement positif \u00e9tanche garantit une connexion fiable, m\u00eame en cas de pressions de service \u00e9lev\u00e9es, de pics de pression et [&hellip;]<\/p>\n","protected":false},"author":3,"featured_media":13502,"parent":13400,"menu_order":0,"comment_status":"closed","ping_status":"closed","template":"","meta":{"_acf_changed":true,"footnotes":""},"class_list":["post-13497","page","type-page","status-publish","has-post-thumbnail","hentry"],"acf":[],"_links":{"self":[{"href":"https:\/\/hansa-flex.ch\/fr\/wp-json\/wp\/v2\/pages\/13497","targetHints":{"allow":["GET"]}}],"collection":[{"href":"https:\/\/hansa-flex.ch\/fr\/wp-json\/wp\/v2\/pages"}],"about":[{"href":"https:\/\/hansa-flex.ch\/fr\/wp-json\/wp\/v2\/types\/page"}],"author":[{"embeddable":true,"href":"https:\/\/hansa-flex.ch\/fr\/wp-json\/wp\/v2\/users\/3"}],"replies":[{"embeddable":true,"href":"https:\/\/hansa-flex.ch\/fr\/wp-json\/wp\/v2\/comments?post=13497"}],"version-history":[{"count":0,"href":"https:\/\/hansa-flex.ch\/fr\/wp-json\/wp\/v2\/pages\/13497\/revisions"}],"up":[{"embeddable":true,"href":"https:\/\/hansa-flex.ch\/fr\/wp-json\/wp\/v2\/pages\/13400"}],"wp:featuredmedia":[{"embeddable":true,"href":"https:\/\/hansa-flex.ch\/fr\/wp-json\/wp\/v2\/media\/13502"}],"wp:attachment":[{"href":"https:\/\/hansa-flex.ch\/fr\/wp-json\/wp\/v2\/media?parent=13497"}],"curies":[{"name":"wp","href":"https:\/\/api.w.org\/{rel}","templated":true}]}}