{"id":13520,"date":"2024-03-19T12:15:18","date_gmt":"2024-03-19T11:15:18","guid":{"rendered":"https:\/\/hansa-flex.ch\/products\/pipelines\/"},"modified":"2024-05-30T22:27:42","modified_gmt":"2024-05-30T20:27:42","slug":"canalisation","status":"publish","type":"page","link":"https:\/\/hansa-flex.ch\/fr\/nos-produits\/canalisation\/","title":{"rendered":"Canalisation"},"content":{"rendered":"\n<p>La gamme de produits de canalisation HANSA-FLEX comprend des joints de dilatation, des tuyaux coud\u00e9s et des raccords sp\u00e9ciaux pour les liquides, les gaz et l&#8217;eau de refroidissement. Les technologies de fabrication ultramodernes de HANSA-FLEX garantissent une pr\u00e9cision absolue, une qualit\u00e9 optimale et une production rapide afin de r\u00e9pondre exactement aux sp\u00e9cifications du client. HANSA-FLEX \u00e9tablit de nouvelles normes en mati\u00e8re de technologie de connexion avec son propre syst\u00e8me innovant de formage de tuyaux HF-Form, qui sera bient\u00f4t disponible.<\/p>\n","protected":false},"excerpt":{"rendered":"<p>La gamme de produits de canalisation HANSA-FLEX comprend des joints de dilatation, des tuyaux coud\u00e9s et des raccords sp\u00e9ciaux pour les liquides, les gaz et l&#8217;eau de refroidissement. Les technologies de fabrication ultramodernes de HANSA-FLEX garantissent une pr\u00e9cision absolue, une qualit\u00e9 optimale et une production rapide afin de r\u00e9pondre exactement aux sp\u00e9cifications du client. HANSA-FLEX [&hellip;]<\/p>\n","protected":false},"author":3,"featured_media":13522,"parent":13058,"menu_order":0,"comment_status":"closed","ping_status":"closed","template":"","meta":{"_acf_changed":true,"footnotes":""},"class_list":["post-13520","page","type-page","status-publish","has-post-thumbnail","hentry"],"acf":[],"_links":{"self":[{"href":"https:\/\/hansa-flex.ch\/fr\/wp-json\/wp\/v2\/pages\/13520","targetHints":{"allow":["GET"]}}],"collection":[{"href":"https:\/\/hansa-flex.ch\/fr\/wp-json\/wp\/v2\/pages"}],"about":[{"href":"https:\/\/hansa-flex.ch\/fr\/wp-json\/wp\/v2\/types\/page"}],"author":[{"embeddable":true,"href":"https:\/\/hansa-flex.ch\/fr\/wp-json\/wp\/v2\/users\/3"}],"replies":[{"embeddable":true,"href":"https:\/\/hansa-flex.ch\/fr\/wp-json\/wp\/v2\/comments?post=13520"}],"version-history":[{"count":0,"href":"https:\/\/hansa-flex.ch\/fr\/wp-json\/wp\/v2\/pages\/13520\/revisions"}],"up":[{"embeddable":true,"href":"https:\/\/hansa-flex.ch\/fr\/wp-json\/wp\/v2\/pages\/13058"}],"wp:featuredmedia":[{"embeddable":true,"href":"https:\/\/hansa-flex.ch\/fr\/wp-json\/wp\/v2\/media\/13522"}],"wp:attachment":[{"href":"https:\/\/hansa-flex.ch\/fr\/wp-json\/wp\/v2\/media?parent=13520"}],"curies":[{"name":"wp","href":"https:\/\/api.w.org\/{rel}","templated":true}]}}