{"id":13534,"date":"2024-03-19T16:07:48","date_gmt":"2024-03-19T15:07:48","guid":{"rendered":"https:\/\/hansa-flex.ch\/products\/pipelines\/expansion-joints\/"},"modified":"2024-05-30T22:34:53","modified_gmt":"2024-05-30T20:34:53","slug":"joints-de-dilatation","status":"publish","type":"page","link":"https:\/\/hansa-flex.ch\/fr\/nos-produits\/canalisation\/joints-de-dilatation\/","title":{"rendered":"Joints de dilatation"},"content":{"rendered":"\n<p>Les joints de dilatation s&#8217;adaptent de mani\u00e8re fiable aux variations de longueur et d&#8217;angle dues aux diff\u00e9rences de temp\u00e9rature, au tassement des fondations ou \u00e0 une installation impr\u00e9cise. Ils prot\u00e8gent les conduites flexibles, les machines et les \u00e9quipements contre les dommages. Les joints de dilatation jouent \u00e9galement un r\u00f4le cl\u00e9 dans l&#8217;amortissement des vibrations des moteurs et des turbines en emp\u00eachant leur transmission le long des tuyaux d&#8217;\u00e9chappement ou des conduites d&#8217;air comprim\u00e9.<\/p>\n","protected":false},"excerpt":{"rendered":"<p>Les joints de dilatation s&#8217;adaptent de mani\u00e8re fiable aux variations de longueur et d&#8217;angle dues aux diff\u00e9rences de temp\u00e9rature, au tassement des fondations ou \u00e0 une installation impr\u00e9cise. Ils prot\u00e8gent les conduites flexibles, les machines et les \u00e9quipements contre les dommages. Les joints de dilatation jouent \u00e9galement un r\u00f4le cl\u00e9 dans l&#8217;amortissement des vibrations des [&hellip;]<\/p>\n","protected":false},"author":3,"featured_media":13538,"parent":13520,"menu_order":0,"comment_status":"closed","ping_status":"closed","template":"","meta":{"_acf_changed":true,"footnotes":""},"class_list":["post-13534","page","type-page","status-publish","has-post-thumbnail","hentry"],"acf":[],"_links":{"self":[{"href":"https:\/\/hansa-flex.ch\/fr\/wp-json\/wp\/v2\/pages\/13534","targetHints":{"allow":["GET"]}}],"collection":[{"href":"https:\/\/hansa-flex.ch\/fr\/wp-json\/wp\/v2\/pages"}],"about":[{"href":"https:\/\/hansa-flex.ch\/fr\/wp-json\/wp\/v2\/types\/page"}],"author":[{"embeddable":true,"href":"https:\/\/hansa-flex.ch\/fr\/wp-json\/wp\/v2\/users\/3"}],"replies":[{"embeddable":true,"href":"https:\/\/hansa-flex.ch\/fr\/wp-json\/wp\/v2\/comments?post=13534"}],"version-history":[{"count":0,"href":"https:\/\/hansa-flex.ch\/fr\/wp-json\/wp\/v2\/pages\/13534\/revisions"}],"up":[{"embeddable":true,"href":"https:\/\/hansa-flex.ch\/fr\/wp-json\/wp\/v2\/pages\/13520"}],"wp:featuredmedia":[{"embeddable":true,"href":"https:\/\/hansa-flex.ch\/fr\/wp-json\/wp\/v2\/media\/13538"}],"wp:attachment":[{"href":"https:\/\/hansa-flex.ch\/fr\/wp-json\/wp\/v2\/media?parent=13534"}],"curies":[{"name":"wp","href":"https:\/\/api.w.org\/{rel}","templated":true}]}}