{"id":13548,"date":"2024-03-19T12:50:25","date_gmt":"2024-03-19T11:50:25","guid":{"rendered":"https:\/\/hansa-flex.ch\/products\/pipelines\/pipe-bends\/"},"modified":"2024-05-13T21:24:09","modified_gmt":"2024-05-13T19:24:09","slug":"coudes-de-tuyaux","status":"publish","type":"page","link":"https:\/\/hansa-flex.ch\/fr\/nos-produits\/canalisation\/coudes-de-tuyaux\/","title":{"rendered":"Coudes de tuyaux"},"content":{"rendered":"\n<p>Les tubes cintr\u00e9s sont utilis\u00e9s non seulement dans les situations d&#8217;installation difficiles, mais aussi pour les syst\u00e8mes de tuyauterie complexes. HANSA-FLEX a mis en place un centre de cintrage de tuyaux auquel toutes les branches de l&#8217;entreprise ont acc\u00e8s. Le centre de cintrage de HANSA-FLEX fabrique des tubes de pr\u00e9cision cintr\u00e9s \u00e0 partir de diff\u00e9rents mat\u00e9riaux pour toutes nos filiales. Les tuyaux sont disponibles avec tous les types de raccords courants et dans la qualit\u00e9 \u00e9prouv\u00e9e de HANSA-FLEX.<\/p>\n","protected":false},"excerpt":{"rendered":"<p>Les tubes cintr\u00e9s sont utilis\u00e9s non seulement dans les situations d&#8217;installation difficiles, mais aussi pour les syst\u00e8mes de tuyauterie complexes. HANSA-FLEX a mis en place un centre de cintrage de tuyaux auquel toutes les branches de l&#8217;entreprise ont acc\u00e8s. Le centre de cintrage de HANSA-FLEX fabrique des tubes de pr\u00e9cision cintr\u00e9s \u00e0 partir de diff\u00e9rents [&hellip;]<\/p>\n","protected":false},"author":3,"featured_media":13550,"parent":13520,"menu_order":0,"comment_status":"closed","ping_status":"closed","template":"","meta":{"_acf_changed":true,"footnotes":""},"class_list":["post-13548","page","type-page","status-publish","has-post-thumbnail","hentry"],"acf":[],"_links":{"self":[{"href":"https:\/\/hansa-flex.ch\/fr\/wp-json\/wp\/v2\/pages\/13548","targetHints":{"allow":["GET"]}}],"collection":[{"href":"https:\/\/hansa-flex.ch\/fr\/wp-json\/wp\/v2\/pages"}],"about":[{"href":"https:\/\/hansa-flex.ch\/fr\/wp-json\/wp\/v2\/types\/page"}],"author":[{"embeddable":true,"href":"https:\/\/hansa-flex.ch\/fr\/wp-json\/wp\/v2\/users\/3"}],"replies":[{"embeddable":true,"href":"https:\/\/hansa-flex.ch\/fr\/wp-json\/wp\/v2\/comments?post=13548"}],"version-history":[{"count":0,"href":"https:\/\/hansa-flex.ch\/fr\/wp-json\/wp\/v2\/pages\/13548\/revisions"}],"up":[{"embeddable":true,"href":"https:\/\/hansa-flex.ch\/fr\/wp-json\/wp\/v2\/pages\/13520"}],"wp:featuredmedia":[{"embeddable":true,"href":"https:\/\/hansa-flex.ch\/fr\/wp-json\/wp\/v2\/media\/13550"}],"wp:attachment":[{"href":"https:\/\/hansa-flex.ch\/fr\/wp-json\/wp\/v2\/media?parent=13548"}],"curies":[{"name":"wp","href":"https:\/\/api.w.org\/{rel}","templated":true}]}}