{"id":13558,"date":"2024-03-19T14:52:19","date_gmt":"2024-03-19T13:52:19","guid":{"rendered":"https:\/\/hansa-flex.ch\/products\/pipelines\/pipe-end-processing\/"},"modified":"2024-05-13T21:26:30","modified_gmt":"2024-05-13T19:26:30","slug":"traitement-des-extremites-de-tubes","status":"publish","type":"page","link":"https:\/\/hansa-flex.ch\/fr\/nos-produits\/canalisation\/traitement-des-extremites-de-tubes\/","title":{"rendered":"Traitement des extr\u00e9mit\u00e9s de tubes"},"content":{"rendered":"\n<p>HANSA-FLEX propose une gamme de types de raccords produits par diff\u00e9rentes m\u00e9thodes de traitement des extr\u00e9mit\u00e9s de tubes. Outre la fabrication de raccords \u00e0 bague coupante et \u00e0 bride de haute qualit\u00e9, HANSA-FLEX propose \u00e9galement un large \u00e9ventail de solutions personnalis\u00e9es de raccordement par d\u00e9formation. HANSA-FLEX dispose d&#8217;un atelier de production bien \u00e9quip\u00e9 de machines et d&#8217;\u00e9quipements capables de former des tubes selon les exigences sp\u00e9cifiques du client par r\u00e9treint, laminage ou combinaison de diff\u00e9rents proc\u00e9d\u00e9s. HANSA-FLEX poss\u00e8de \u00e9galement des comp\u00e9tences sp\u00e9ciales en mati\u00e8re de brasage et de soudage.<\/p>\n","protected":false},"excerpt":{"rendered":"<p>HANSA-FLEX propose une gamme de types de raccords produits par diff\u00e9rentes m\u00e9thodes de traitement des extr\u00e9mit\u00e9s de tubes. Outre la fabrication de raccords \u00e0 bague coupante et \u00e0 bride de haute qualit\u00e9, HANSA-FLEX propose \u00e9galement un large \u00e9ventail de solutions personnalis\u00e9es de raccordement par d\u00e9formation. HANSA-FLEX dispose d&#8217;un atelier de production bien \u00e9quip\u00e9 de machines [&hellip;]<\/p>\n","protected":false},"author":3,"featured_media":13561,"parent":13520,"menu_order":0,"comment_status":"closed","ping_status":"closed","template":"","meta":{"_acf_changed":true,"footnotes":""},"class_list":["post-13558","page","type-page","status-publish","has-post-thumbnail","hentry"],"acf":[],"_links":{"self":[{"href":"https:\/\/hansa-flex.ch\/fr\/wp-json\/wp\/v2\/pages\/13558","targetHints":{"allow":["GET"]}}],"collection":[{"href":"https:\/\/hansa-flex.ch\/fr\/wp-json\/wp\/v2\/pages"}],"about":[{"href":"https:\/\/hansa-flex.ch\/fr\/wp-json\/wp\/v2\/types\/page"}],"author":[{"embeddable":true,"href":"https:\/\/hansa-flex.ch\/fr\/wp-json\/wp\/v2\/users\/3"}],"replies":[{"embeddable":true,"href":"https:\/\/hansa-flex.ch\/fr\/wp-json\/wp\/v2\/comments?post=13558"}],"version-history":[{"count":0,"href":"https:\/\/hansa-flex.ch\/fr\/wp-json\/wp\/v2\/pages\/13558\/revisions"}],"up":[{"embeddable":true,"href":"https:\/\/hansa-flex.ch\/fr\/wp-json\/wp\/v2\/pages\/13520"}],"wp:featuredmedia":[{"embeddable":true,"href":"https:\/\/hansa-flex.ch\/fr\/wp-json\/wp\/v2\/media\/13561"}],"wp:attachment":[{"href":"https:\/\/hansa-flex.ch\/fr\/wp-json\/wp\/v2\/media?parent=13558"}],"curies":[{"name":"wp","href":"https:\/\/api.w.org\/{rel}","templated":true}]}}