{"id":13572,"date":"2024-03-21T17:21:40","date_gmt":"2024-03-21T16:21:40","guid":{"rendered":"https:\/\/hansa-flex.ch\/products\/pneumatics\/"},"modified":"2024-05-30T21:50:51","modified_gmt":"2024-05-30T19:50:51","slug":"pneumatique","status":"publish","type":"page","link":"https:\/\/hansa-flex.ch\/fr\/nos-produits\/pneumatique\/","title":{"rendered":"Pneumatique"},"content":{"rendered":"\n<p>La pneumatique est au c\u0153ur des processus automatis\u00e9s dans les centres logistiques, les entrep\u00f4ts de petites pi\u00e8ces et l&#8217;industrie automobile. L&#8217;air comprim\u00e9 est \u00e9galement utilis\u00e9 dans la technologie du vide et est indispensable pour les op\u00e9rations de levage et de positionnement num\u00e9riques. La qualit\u00e9 et la conception des composants utilis\u00e9s font une diff\u00e9rence cruciale pour la productivit\u00e9 et l&#8217;efficacit\u00e9 des syst\u00e8mes pneumatiques. HANSA-FLEX propose des solutions efficaces et des services personnalis\u00e9s.<\/p>\n","protected":false},"excerpt":{"rendered":"<p>La pneumatique est au c\u0153ur des processus automatis\u00e9s dans les centres logistiques, les entrep\u00f4ts de petites pi\u00e8ces et l&#8217;industrie automobile. L&#8217;air comprim\u00e9 est \u00e9galement utilis\u00e9 dans la technologie du vide et est indispensable pour les op\u00e9rations de levage et de positionnement num\u00e9riques. La qualit\u00e9 et la conception des composants utilis\u00e9s font une diff\u00e9rence cruciale pour [&hellip;]<\/p>\n","protected":false},"author":3,"featured_media":13574,"parent":13058,"menu_order":0,"comment_status":"closed","ping_status":"closed","template":"","meta":{"_acf_changed":true,"footnotes":""},"class_list":["post-13572","page","type-page","status-publish","has-post-thumbnail","hentry"],"acf":[],"_links":{"self":[{"href":"https:\/\/hansa-flex.ch\/fr\/wp-json\/wp\/v2\/pages\/13572","targetHints":{"allow":["GET"]}}],"collection":[{"href":"https:\/\/hansa-flex.ch\/fr\/wp-json\/wp\/v2\/pages"}],"about":[{"href":"https:\/\/hansa-flex.ch\/fr\/wp-json\/wp\/v2\/types\/page"}],"author":[{"embeddable":true,"href":"https:\/\/hansa-flex.ch\/fr\/wp-json\/wp\/v2\/users\/3"}],"replies":[{"embeddable":true,"href":"https:\/\/hansa-flex.ch\/fr\/wp-json\/wp\/v2\/comments?post=13572"}],"version-history":[{"count":0,"href":"https:\/\/hansa-flex.ch\/fr\/wp-json\/wp\/v2\/pages\/13572\/revisions"}],"up":[{"embeddable":true,"href":"https:\/\/hansa-flex.ch\/fr\/wp-json\/wp\/v2\/pages\/13058"}],"wp:featuredmedia":[{"embeddable":true,"href":"https:\/\/hansa-flex.ch\/fr\/wp-json\/wp\/v2\/media\/13574"}],"wp:attachment":[{"href":"https:\/\/hansa-flex.ch\/fr\/wp-json\/wp\/v2\/media?parent=13572"}],"curies":[{"name":"wp","href":"https:\/\/api.w.org\/{rel}","templated":true}]}}