{"id":13585,"date":"2024-03-21T16:09:59","date_gmt":"2024-03-21T15:09:59","guid":{"rendered":"https:\/\/hansa-flex.ch\/products\/sealing-technology\/"},"modified":"2024-05-30T21:53:25","modified_gmt":"2024-05-30T19:53:25","slug":"technologie-detancheite","status":"publish","type":"page","link":"https:\/\/hansa-flex.ch\/fr\/nos-produits\/technologie-detancheite\/","title":{"rendered":"Technologie d&#8217;\u00e9tanch\u00e9it\u00e9"},"content":{"rendered":"\n<p>La qualit\u00e9 des syst\u00e8mes hydrauliques et pneumatiques d\u00e9pend de celle de leurs joints. Un seul joint d\u00e9fectueux peut entra\u00eener de longs temps d&#8217;arr\u00eat et des co\u00fbts \u00e9lev\u00e9s. HANSA-FLEX contribue \u00e0 \u00e9viter cela gr\u00e2ce \u00e0 son stock important de joints, ses conseils d&#8217;experts et son traitement rapide des commandes. Si vous avez besoin d&#8217;un mod\u00e8le sp\u00e9cial, HANSA-FLEX peut le fabriquer \u00e0 l&#8217;unit\u00e9 ou en petite s\u00e9rie. Vous trouverez un large choix de joints dans la boutique en ligne de HANSA-FLEX.<\/p>\n","protected":false},"excerpt":{"rendered":"<p>La qualit\u00e9 des syst\u00e8mes hydrauliques et pneumatiques d\u00e9pend de celle de leurs joints. Un seul joint d\u00e9fectueux peut entra\u00eener de longs temps d&#8217;arr\u00eat et des co\u00fbts \u00e9lev\u00e9s. HANSA-FLEX contribue \u00e0 \u00e9viter cela gr\u00e2ce \u00e0 son stock important de joints, ses conseils d&#8217;experts et son traitement rapide des commandes. Si vous avez besoin d&#8217;un mod\u00e8le sp\u00e9cial, [&hellip;]<\/p>\n","protected":false},"author":3,"featured_media":13588,"parent":13058,"menu_order":0,"comment_status":"closed","ping_status":"closed","template":"","meta":{"_acf_changed":true,"footnotes":""},"class_list":["post-13585","page","type-page","status-publish","has-post-thumbnail","hentry"],"acf":[],"_links":{"self":[{"href":"https:\/\/hansa-flex.ch\/fr\/wp-json\/wp\/v2\/pages\/13585","targetHints":{"allow":["GET"]}}],"collection":[{"href":"https:\/\/hansa-flex.ch\/fr\/wp-json\/wp\/v2\/pages"}],"about":[{"href":"https:\/\/hansa-flex.ch\/fr\/wp-json\/wp\/v2\/types\/page"}],"author":[{"embeddable":true,"href":"https:\/\/hansa-flex.ch\/fr\/wp-json\/wp\/v2\/users\/3"}],"replies":[{"embeddable":true,"href":"https:\/\/hansa-flex.ch\/fr\/wp-json\/wp\/v2\/comments?post=13585"}],"version-history":[{"count":0,"href":"https:\/\/hansa-flex.ch\/fr\/wp-json\/wp\/v2\/pages\/13585\/revisions"}],"up":[{"embeddable":true,"href":"https:\/\/hansa-flex.ch\/fr\/wp-json\/wp\/v2\/pages\/13058"}],"wp:featuredmedia":[{"embeddable":true,"href":"https:\/\/hansa-flex.ch\/fr\/wp-json\/wp\/v2\/media\/13588"}],"wp:attachment":[{"href":"https:\/\/hansa-flex.ch\/fr\/wp-json\/wp\/v2\/media?parent=13585"}],"curies":[{"name":"wp","href":"https:\/\/api.w.org\/{rel}","templated":true}]}}