{"id":13601,"date":"2024-03-21T17:29:08","date_gmt":"2024-03-21T16:29:08","guid":{"rendered":"https:\/\/hansa-flex.ch\/products\/technical-information\/"},"modified":"2024-05-13T21:31:12","modified_gmt":"2024-05-13T19:31:12","slug":"informations-techniques","status":"publish","type":"page","link":"https:\/\/hansa-flex.ch\/fr\/nos-produits\/informations-techniques\/","title":{"rendered":"Informations techniques"},"content":{"rendered":"\n<p>HANSA-FLEX met \u00e0 la disposition de ses clients une s\u00e9rie d&#8217;informations techniques tr\u00e8s pertinentes, tant sur le plan th\u00e9orique que pratique, qu&#8217;il convient de prendre en compte. Dans notre brochure &#8220;Good to Know&#8221;, par exemple, nous donnons un bref aper\u00e7u des \u00e9l\u00e9ments de conception les plus importants de l&#8217;hydraulique. En outre, nous offrons des descriptions compl\u00e8tes sur le montage, l&#8217;utilisation et l&#8217;entretien corrects des conduites flexibles, nous expliquons la fonction et les domaines d&#8217;application d&#8217;une grande vari\u00e9t\u00e9 de raccords pour tubes et nous indiquons diff\u00e9rentes techniques d&#8217;\u00e9tanch\u00e9it\u00e9 et de produits d&#8217;\u00e9tanch\u00e9it\u00e9.<\/p>\n","protected":false},"excerpt":{"rendered":"<p>HANSA-FLEX met \u00e0 la disposition de ses clients une s\u00e9rie d&#8217;informations techniques tr\u00e8s pertinentes, tant sur le plan th\u00e9orique que pratique, qu&#8217;il convient de prendre en compte. Dans notre brochure &#8220;Good to Know&#8221;, par exemple, nous donnons un bref aper\u00e7u des \u00e9l\u00e9ments de conception les plus importants de l&#8217;hydraulique. En outre, nous offrons des descriptions [&hellip;]<\/p>\n","protected":false},"author":3,"featured_media":13604,"parent":13058,"menu_order":0,"comment_status":"closed","ping_status":"closed","template":"","meta":{"_acf_changed":true,"footnotes":""},"class_list":["post-13601","page","type-page","status-publish","has-post-thumbnail","hentry"],"acf":[],"_links":{"self":[{"href":"https:\/\/hansa-flex.ch\/fr\/wp-json\/wp\/v2\/pages\/13601","targetHints":{"allow":["GET"]}}],"collection":[{"href":"https:\/\/hansa-flex.ch\/fr\/wp-json\/wp\/v2\/pages"}],"about":[{"href":"https:\/\/hansa-flex.ch\/fr\/wp-json\/wp\/v2\/types\/page"}],"author":[{"embeddable":true,"href":"https:\/\/hansa-flex.ch\/fr\/wp-json\/wp\/v2\/users\/3"}],"replies":[{"embeddable":true,"href":"https:\/\/hansa-flex.ch\/fr\/wp-json\/wp\/v2\/comments?post=13601"}],"version-history":[{"count":0,"href":"https:\/\/hansa-flex.ch\/fr\/wp-json\/wp\/v2\/pages\/13601\/revisions"}],"up":[{"embeddable":true,"href":"https:\/\/hansa-flex.ch\/fr\/wp-json\/wp\/v2\/pages\/13058"}],"wp:featuredmedia":[{"embeddable":true,"href":"https:\/\/hansa-flex.ch\/fr\/wp-json\/wp\/v2\/media\/13604"}],"wp:attachment":[{"href":"https:\/\/hansa-flex.ch\/fr\/wp-json\/wp\/v2\/media?parent=13601"}],"curies":[{"name":"wp","href":"https:\/\/api.w.org\/{rel}","templated":true}]}}