{"id":13615,"date":"2024-03-11T15:24:47","date_gmt":"2024-03-11T14:24:47","guid":{"rendered":"https:\/\/hansa-flex.ch\/services\/"},"modified":"2024-05-14T02:06:06","modified_gmt":"2024-05-14T00:06:06","slug":"services","status":"publish","type":"page","link":"https:\/\/hansa-flex.ch\/fr\/services\/","title":{"rendered":"Services"},"content":{"rendered":"\n<p>HANSA-FLEX est votre partenaire fiable pour tout ce qui concerne la planification, la conception, l&#8217;installation, l&#8217;entretien et l&#8217;optimisation de vos syst\u00e8mes hydrauliques. En outre, nous vous proposons des services complets dans le domaine de l&#8217;approvisionnement en marchandises, effectuons des analyses de fluides et vous assistons dans le d\u00e9veloppement de composants sp\u00e9ciaux et de prototypes. Gr\u00e2ce \u00e0 nos ann\u00e9es d&#8217;exp\u00e9rience, nous savons comment r\u00e9aliser des t\u00e2ches complexes dans des d\u00e9lais courts.<\/p>\n","protected":false},"excerpt":{"rendered":"<p>HANSA-FLEX est votre partenaire fiable pour tout ce qui concerne la planification, la conception, l&#8217;installation, l&#8217;entretien et l&#8217;optimisation de vos syst\u00e8mes hydrauliques. En outre, nous vous proposons des services complets dans le domaine de l&#8217;approvisionnement en marchandises, effectuons des analyses de fluides et vous assistons dans le d\u00e9veloppement de composants sp\u00e9ciaux et de prototypes. Gr\u00e2ce [&hellip;]<\/p>\n","protected":false},"author":1,"featured_media":13617,"parent":0,"menu_order":0,"comment_status":"closed","ping_status":"closed","template":"","meta":{"_acf_changed":true,"footnotes":""},"class_list":["post-13615","page","type-page","status-publish","has-post-thumbnail","hentry"],"acf":[],"_links":{"self":[{"href":"https:\/\/hansa-flex.ch\/fr\/wp-json\/wp\/v2\/pages\/13615","targetHints":{"allow":["GET"]}}],"collection":[{"href":"https:\/\/hansa-flex.ch\/fr\/wp-json\/wp\/v2\/pages"}],"about":[{"href":"https:\/\/hansa-flex.ch\/fr\/wp-json\/wp\/v2\/types\/page"}],"author":[{"embeddable":true,"href":"https:\/\/hansa-flex.ch\/fr\/wp-json\/wp\/v2\/users\/1"}],"replies":[{"embeddable":true,"href":"https:\/\/hansa-flex.ch\/fr\/wp-json\/wp\/v2\/comments?post=13615"}],"version-history":[{"count":0,"href":"https:\/\/hansa-flex.ch\/fr\/wp-json\/wp\/v2\/pages\/13615\/revisions"}],"wp:featuredmedia":[{"embeddable":true,"href":"https:\/\/hansa-flex.ch\/fr\/wp-json\/wp\/v2\/media\/13617"}],"wp:attachment":[{"href":"https:\/\/hansa-flex.ch\/fr\/wp-json\/wp\/v2\/media?parent=13615"}],"curies":[{"name":"wp","href":"https:\/\/api.w.org\/{rel}","templated":true}]}}