{"id":13620,"date":"2024-03-22T16:37:52","date_gmt":"2024-03-22T15:37:52","guid":{"rendered":"https:\/\/hansa-flex.ch\/services\/assembly-and-installation\/"},"modified":"2024-05-14T02:38:25","modified_gmt":"2024-05-14T00:38:25","slug":"montage-et-installation","status":"publish","type":"page","link":"https:\/\/hansa-flex.ch\/fr\/services\/montage-et-installation\/","title":{"rendered":"Montage et installation"},"content":{"rendered":"\n<p>Nos techniciens de service parfaitement form\u00e9s effectuent des travaux de montage et d&#8217;installation sur des syst\u00e8mes hydrauliques. Qu&#8217;il s&#8217;agisse d&#8217;une unit\u00e9 stationnaire ou mobile, de la conception d&#8217;un syst\u00e8me ou de sa mise en \u0153uvre pratique : Vous pouvez profiter de la vaste gamme de produits et de services de notre service industriel pour toutes les t\u00e2ches li\u00e9es \u00e0 votre syst\u00e8me hydraulique.<\/p>\n","protected":false},"excerpt":{"rendered":"<p>Nos techniciens de service parfaitement form\u00e9s effectuent des travaux de montage et d&#8217;installation sur des syst\u00e8mes hydrauliques. Qu&#8217;il s&#8217;agisse d&#8217;une unit\u00e9 stationnaire ou mobile, de la conception d&#8217;un syst\u00e8me ou de sa mise en \u0153uvre pratique : Vous pouvez profiter de la vaste gamme de produits et de services de notre service industriel pour toutes [&hellip;]<\/p>\n","protected":false},"author":3,"featured_media":13623,"parent":13615,"menu_order":0,"comment_status":"closed","ping_status":"closed","template":"","meta":{"_acf_changed":true,"footnotes":""},"class_list":["post-13620","page","type-page","status-publish","has-post-thumbnail","hentry"],"acf":[],"_links":{"self":[{"href":"https:\/\/hansa-flex.ch\/fr\/wp-json\/wp\/v2\/pages\/13620","targetHints":{"allow":["GET"]}}],"collection":[{"href":"https:\/\/hansa-flex.ch\/fr\/wp-json\/wp\/v2\/pages"}],"about":[{"href":"https:\/\/hansa-flex.ch\/fr\/wp-json\/wp\/v2\/types\/page"}],"author":[{"embeddable":true,"href":"https:\/\/hansa-flex.ch\/fr\/wp-json\/wp\/v2\/users\/3"}],"replies":[{"embeddable":true,"href":"https:\/\/hansa-flex.ch\/fr\/wp-json\/wp\/v2\/comments?post=13620"}],"version-history":[{"count":0,"href":"https:\/\/hansa-flex.ch\/fr\/wp-json\/wp\/v2\/pages\/13620\/revisions"}],"up":[{"embeddable":true,"href":"https:\/\/hansa-flex.ch\/fr\/wp-json\/wp\/v2\/pages\/13615"}],"wp:featuredmedia":[{"embeddable":true,"href":"https:\/\/hansa-flex.ch\/fr\/wp-json\/wp\/v2\/media\/13623"}],"wp:attachment":[{"href":"https:\/\/hansa-flex.ch\/fr\/wp-json\/wp\/v2\/media?parent=13620"}],"curies":[{"name":"wp","href":"https:\/\/api.w.org\/{rel}","templated":true}]}}