{"id":13631,"date":"2024-03-22T17:22:49","date_gmt":"2024-03-22T16:22:49","guid":{"rendered":"https:\/\/hansa-flex.ch\/services\/assembly-and-installation\/installation-of-pipe-and-hose-line-systems\/"},"modified":"2024-06-10T22:18:18","modified_gmt":"2024-06-10T20:18:18","slug":"installation-de-systemes-de-canalisations-et-de-tuyaux","status":"publish","type":"page","link":"https:\/\/hansa-flex.ch\/fr\/services\/montage-et-installation\/installation-de-systemes-de-canalisations-et-de-tuyaux\/","title":{"rendered":"Installation de syst\u00e8mes de canalisations et de tuyaux"},"content":{"rendered":"\n<p>Les conduites et les tuyaux des machines et des syst\u00e8mes hydrauliques doivent \u00eatre remplac\u00e9s r\u00e9guli\u00e8rement, ne serait-ce que pour des raisons de s\u00e9curit\u00e9. Mais d&#8217;autres projets tels que l&#8217;augmentation de l&#8217;efficacit\u00e9 peuvent \u00e9galement justifier un remplacement complet. Gr\u00e2ce \u00e0 nos techniciens de service parfaitement form\u00e9s, nous r\u00e9alisons ces commandes de mani\u00e8re fiable, avec un niveau de qualit\u00e9 \u00e9lev\u00e9 et dans des d\u00e9lais serr\u00e9s.<\/p>\n","protected":false},"excerpt":{"rendered":"<p>Les conduites et les tuyaux des machines et des syst\u00e8mes hydrauliques doivent \u00eatre remplac\u00e9s r\u00e9guli\u00e8rement, ne serait-ce que pour des raisons de s\u00e9curit\u00e9. Mais d&#8217;autres projets tels que l&#8217;augmentation de l&#8217;efficacit\u00e9 peuvent \u00e9galement justifier un remplacement complet. Gr\u00e2ce \u00e0 nos techniciens de service parfaitement form\u00e9s, nous r\u00e9alisons ces commandes de mani\u00e8re fiable, avec un niveau [&hellip;]<\/p>\n","protected":false},"author":3,"featured_media":13634,"parent":13620,"menu_order":0,"comment_status":"closed","ping_status":"closed","template":"","meta":{"_acf_changed":true,"footnotes":""},"class_list":["post-13631","page","type-page","status-publish","has-post-thumbnail","hentry"],"acf":[],"_links":{"self":[{"href":"https:\/\/hansa-flex.ch\/fr\/wp-json\/wp\/v2\/pages\/13631","targetHints":{"allow":["GET"]}}],"collection":[{"href":"https:\/\/hansa-flex.ch\/fr\/wp-json\/wp\/v2\/pages"}],"about":[{"href":"https:\/\/hansa-flex.ch\/fr\/wp-json\/wp\/v2\/types\/page"}],"author":[{"embeddable":true,"href":"https:\/\/hansa-flex.ch\/fr\/wp-json\/wp\/v2\/users\/3"}],"replies":[{"embeddable":true,"href":"https:\/\/hansa-flex.ch\/fr\/wp-json\/wp\/v2\/comments?post=13631"}],"version-history":[{"count":0,"href":"https:\/\/hansa-flex.ch\/fr\/wp-json\/wp\/v2\/pages\/13631\/revisions"}],"up":[{"embeddable":true,"href":"https:\/\/hansa-flex.ch\/fr\/wp-json\/wp\/v2\/pages\/13620"}],"wp:featuredmedia":[{"embeddable":true,"href":"https:\/\/hansa-flex.ch\/fr\/wp-json\/wp\/v2\/media\/13634"}],"wp:attachment":[{"href":"https:\/\/hansa-flex.ch\/fr\/wp-json\/wp\/v2\/media?parent=13631"}],"curies":[{"name":"wp","href":"https:\/\/api.w.org\/{rel}","templated":true}]}}