{"id":13651,"date":"2024-03-22T17:03:23","date_gmt":"2024-03-22T16:03:23","guid":{"rendered":"https:\/\/hansa-flex.ch\/services\/assembly-and-installation\/modernisation-and-optimisation\/"},"modified":"2024-05-14T02:41:26","modified_gmt":"2024-05-14T00:41:26","slug":"modernisation-and-optimisation","status":"publish","type":"page","link":"https:\/\/hansa-flex.ch\/fr\/services\/montage-et-installation\/modernisation-and-optimisation\/","title":{"rendered":"Modernisation et optimisation"},"content":{"rendered":"\n<p>La modernisation ou la r\u00e9novation d&#8217;un syst\u00e8me hydraulique peut souvent constituer une alternative efficace \u00e0 l&#8217;achat d&#8217;un nouveau syst\u00e8me. C&#8217;est aussi un moyen d&#8217;am\u00e9liorer l&#8217;efficacit\u00e9 \u00e9nerg\u00e9tique et la productivit\u00e9 ou de se conformer \u00e0 de nouvelles normes. Nos experts exp\u00e9riment\u00e9s vous conseillent et vous assistent depuis l&#8217;\u00e9valuation initiale de votre syst\u00e8me existant jusqu&#8217;\u00e0 la conception et la mise en \u0153uvre de votre projet de modernisation ou de r\u00e9novation.<\/p>\n","protected":false},"excerpt":{"rendered":"<p>La modernisation ou la r\u00e9novation d&#8217;un syst\u00e8me hydraulique peut souvent constituer une alternative efficace \u00e0 l&#8217;achat d&#8217;un nouveau syst\u00e8me. C&#8217;est aussi un moyen d&#8217;am\u00e9liorer l&#8217;efficacit\u00e9 \u00e9nerg\u00e9tique et la productivit\u00e9 ou de se conformer \u00e0 de nouvelles normes. Nos experts exp\u00e9riment\u00e9s vous conseillent et vous assistent depuis l&#8217;\u00e9valuation initiale de votre syst\u00e8me existant jusqu&#8217;\u00e0 la conception [&hellip;]<\/p>\n","protected":false},"author":3,"featured_media":13652,"parent":13620,"menu_order":0,"comment_status":"closed","ping_status":"closed","template":"","meta":{"_acf_changed":true,"footnotes":""},"class_list":["post-13651","page","type-page","status-publish","has-post-thumbnail","hentry"],"acf":[],"_links":{"self":[{"href":"https:\/\/hansa-flex.ch\/fr\/wp-json\/wp\/v2\/pages\/13651","targetHints":{"allow":["GET"]}}],"collection":[{"href":"https:\/\/hansa-flex.ch\/fr\/wp-json\/wp\/v2\/pages"}],"about":[{"href":"https:\/\/hansa-flex.ch\/fr\/wp-json\/wp\/v2\/types\/page"}],"author":[{"embeddable":true,"href":"https:\/\/hansa-flex.ch\/fr\/wp-json\/wp\/v2\/users\/3"}],"replies":[{"embeddable":true,"href":"https:\/\/hansa-flex.ch\/fr\/wp-json\/wp\/v2\/comments?post=13651"}],"version-history":[{"count":0,"href":"https:\/\/hansa-flex.ch\/fr\/wp-json\/wp\/v2\/pages\/13651\/revisions"}],"up":[{"embeddable":true,"href":"https:\/\/hansa-flex.ch\/fr\/wp-json\/wp\/v2\/pages\/13620"}],"wp:featuredmedia":[{"embeddable":true,"href":"https:\/\/hansa-flex.ch\/fr\/wp-json\/wp\/v2\/media\/13652"}],"wp:attachment":[{"href":"https:\/\/hansa-flex.ch\/fr\/wp-json\/wp\/v2\/media?parent=13651"}],"curies":[{"name":"wp","href":"https:\/\/api.w.org\/{rel}","templated":true}]}}