{"id":13662,"date":"2024-03-22T17:15:04","date_gmt":"2024-03-22T16:15:04","guid":{"rendered":"https:\/\/hansa-flex.ch\/services\/assembly-and-installation\/plant-project-planning-and-management\/"},"modified":"2024-05-14T02:42:21","modified_gmt":"2024-05-14T00:42:21","slug":"planification-et-gestion-de-projets-dusines","status":"publish","type":"page","link":"https:\/\/hansa-flex.ch\/fr\/services\/montage-et-installation\/planification-et-gestion-de-projets-dusines\/","title":{"rendered":"Planification et gestion de projets d&#8217;usines"},"content":{"rendered":"\n<p>La conception et la construction de syst\u00e8mes hydrauliques requi\u00e8rent des connaissances sp\u00e9cialis\u00e9es. Les normes et r\u00e9glementations applicables, telles que la DGUV, sont en constante \u00e9volution. Les entreprises qui con\u00e7oivent leurs propres syst\u00e8mes hydrauliques sont donc confront\u00e9es \u00e0 un d\u00e9fi de taille : s&#8217;assurer qu&#8217;ils sont techniquement \u00e0 jour et qu&#8217;ils respectent les derni\u00e8res exigences l\u00e9gales. Nos experts ont des ann\u00e9es d&#8217;exp\u00e9rience dans ce domaine et vous soutiennent dans la gestion de projet de votre syst\u00e8me hydraulique planifi\u00e9.<\/p>\n","protected":false},"excerpt":{"rendered":"<p>La conception et la construction de syst\u00e8mes hydrauliques requi\u00e8rent des connaissances sp\u00e9cialis\u00e9es. Les normes et r\u00e9glementations applicables, telles que la DGUV, sont en constante \u00e9volution. Les entreprises qui con\u00e7oivent leurs propres syst\u00e8mes hydrauliques sont donc confront\u00e9es \u00e0 un d\u00e9fi de taille : s&#8217;assurer qu&#8217;ils sont techniquement \u00e0 jour et qu&#8217;ils respectent les derni\u00e8res exigences l\u00e9gales. [&hellip;]<\/p>\n","protected":false},"author":3,"featured_media":13663,"parent":13620,"menu_order":0,"comment_status":"closed","ping_status":"closed","template":"","meta":{"_acf_changed":true,"footnotes":""},"class_list":["post-13662","page","type-page","status-publish","has-post-thumbnail","hentry"],"acf":[],"_links":{"self":[{"href":"https:\/\/hansa-flex.ch\/fr\/wp-json\/wp\/v2\/pages\/13662","targetHints":{"allow":["GET"]}}],"collection":[{"href":"https:\/\/hansa-flex.ch\/fr\/wp-json\/wp\/v2\/pages"}],"about":[{"href":"https:\/\/hansa-flex.ch\/fr\/wp-json\/wp\/v2\/types\/page"}],"author":[{"embeddable":true,"href":"https:\/\/hansa-flex.ch\/fr\/wp-json\/wp\/v2\/users\/3"}],"replies":[{"embeddable":true,"href":"https:\/\/hansa-flex.ch\/fr\/wp-json\/wp\/v2\/comments?post=13662"}],"version-history":[{"count":0,"href":"https:\/\/hansa-flex.ch\/fr\/wp-json\/wp\/v2\/pages\/13662\/revisions"}],"up":[{"embeddable":true,"href":"https:\/\/hansa-flex.ch\/fr\/wp-json\/wp\/v2\/pages\/13620"}],"wp:featuredmedia":[{"embeddable":true,"href":"https:\/\/hansa-flex.ch\/fr\/wp-json\/wp\/v2\/media\/13663"}],"wp:attachment":[{"href":"https:\/\/hansa-flex.ch\/fr\/wp-json\/wp\/v2\/media?parent=13662"}],"curies":[{"name":"wp","href":"https:\/\/api.w.org\/{rel}","templated":true}]}}