{"id":13675,"date":"2024-03-25T17:23:44","date_gmt":"2024-03-25T16:23:44","guid":{"rendered":"https:\/\/hansa-flex.ch\/services\/digital-services\/"},"modified":"2024-05-30T21:39:24","modified_gmt":"2024-05-30T19:39:24","slug":"services-numeriques","status":"publish","type":"page","link":"https:\/\/hansa-flex.ch\/fr\/services\/services-numeriques\/","title":{"rendered":"Services num\u00e9riques"},"content":{"rendered":"\n<p>D\u00e9couvrez les services num\u00e9riques de HANSA-FLEX ! Commandez rapidement et confortablement les composants de la technologie des fluides dans notre boutique en ligne et facilitez l&#8217;organisation de l&#8217;entretien des conduites avec le portail de service X-CODE Manager. Profitez d&#8217;un transfert de donn\u00e9es plus rapide et sans erreur gr\u00e2ce \u00e0 une technologie de scanner ultramoderne, \u00e0 des applications conviviales ou \u00e0 une interface EDI entre votre syst\u00e8me de gestion des marchandises et le n\u00f4tre.<\/p>\n","protected":false},"excerpt":{"rendered":"<p>D\u00e9couvrez les services num\u00e9riques de HANSA-FLEX ! Commandez rapidement et confortablement les composants de la technologie des fluides dans notre boutique en ligne et facilitez l&#8217;organisation de l&#8217;entretien des conduites avec le portail de service X-CODE Manager. Profitez d&#8217;un transfert de donn\u00e9es plus rapide et sans erreur gr\u00e2ce \u00e0 une technologie de scanner ultramoderne, \u00e0 [&hellip;]<\/p>\n","protected":false},"author":3,"featured_media":13676,"parent":13615,"menu_order":0,"comment_status":"closed","ping_status":"closed","template":"","meta":{"_acf_changed":true,"footnotes":""},"class_list":["post-13675","page","type-page","status-publish","has-post-thumbnail","hentry"],"acf":[],"_links":{"self":[{"href":"https:\/\/hansa-flex.ch\/fr\/wp-json\/wp\/v2\/pages\/13675","targetHints":{"allow":["GET"]}}],"collection":[{"href":"https:\/\/hansa-flex.ch\/fr\/wp-json\/wp\/v2\/pages"}],"about":[{"href":"https:\/\/hansa-flex.ch\/fr\/wp-json\/wp\/v2\/types\/page"}],"author":[{"embeddable":true,"href":"https:\/\/hansa-flex.ch\/fr\/wp-json\/wp\/v2\/users\/3"}],"replies":[{"embeddable":true,"href":"https:\/\/hansa-flex.ch\/fr\/wp-json\/wp\/v2\/comments?post=13675"}],"version-history":[{"count":0,"href":"https:\/\/hansa-flex.ch\/fr\/wp-json\/wp\/v2\/pages\/13675\/revisions"}],"up":[{"embeddable":true,"href":"https:\/\/hansa-flex.ch\/fr\/wp-json\/wp\/v2\/pages\/13615"}],"wp:featuredmedia":[{"embeddable":true,"href":"https:\/\/hansa-flex.ch\/fr\/wp-json\/wp\/v2\/media\/13676"}],"wp:attachment":[{"href":"https:\/\/hansa-flex.ch\/fr\/wp-json\/wp\/v2\/media?parent=13675"}],"curies":[{"name":"wp","href":"https:\/\/api.w.org\/{rel}","templated":true}]}}