{"id":13682,"date":"2024-03-25T17:38:04","date_gmt":"2024-03-25T16:38:04","guid":{"rendered":"https:\/\/hansa-flex.ch\/services\/digital-services\/edi-and-bmecat\/"},"modified":"2024-05-14T17:58:54","modified_gmt":"2024-05-14T15:58:54","slug":"edi-et-bmecat","status":"publish","type":"page","link":"https:\/\/hansa-flex.ch\/fr\/services\/services-numeriques\/edi-et-bmecat\/","title":{"rendered":"EDI et BMEcat"},"content":{"rendered":"\n<p>L&#8217;\u00e9change de donn\u00e9es informatis\u00e9es (EDI) permet le transfert rapide de donn\u00e9es commerciales normalis\u00e9es entre les entreprises. L&#8217;interface EDI entre votre syst\u00e8me de gestion des marchandises et le n\u00f4tre vous permet de g\u00e9rer encore plus efficacement toutes les \u00e9tapes de l&#8217;approvisionnement \u00e9lectronique. En plus d&#8217;une connexion EDI, HANSA-FLEX vous offre \u00e9galement la possibilit\u00e9 d&#8217;int\u00e9grer des articles sp\u00e9cifiques de HANSA-FLEX \u00e0 l&#8217;aide de BMEcat dans votre portail d&#8217;achat habituel.<\/p>\n","protected":false},"excerpt":{"rendered":"<p>L&#8217;\u00e9change de donn\u00e9es informatis\u00e9es (EDI) permet le transfert rapide de donn\u00e9es commerciales normalis\u00e9es entre les entreprises. L&#8217;interface EDI entre votre syst\u00e8me de gestion des marchandises et le n\u00f4tre vous permet de g\u00e9rer encore plus efficacement toutes les \u00e9tapes de l&#8217;approvisionnement \u00e9lectronique. En plus d&#8217;une connexion EDI, HANSA-FLEX vous offre \u00e9galement la possibilit\u00e9 d&#8217;int\u00e9grer des articles [&hellip;]<\/p>\n","protected":false},"author":3,"featured_media":13685,"parent":13675,"menu_order":0,"comment_status":"closed","ping_status":"closed","template":"","meta":{"_acf_changed":true,"footnotes":""},"class_list":["post-13682","page","type-page","status-publish","has-post-thumbnail","hentry"],"acf":[],"_links":{"self":[{"href":"https:\/\/hansa-flex.ch\/fr\/wp-json\/wp\/v2\/pages\/13682","targetHints":{"allow":["GET"]}}],"collection":[{"href":"https:\/\/hansa-flex.ch\/fr\/wp-json\/wp\/v2\/pages"}],"about":[{"href":"https:\/\/hansa-flex.ch\/fr\/wp-json\/wp\/v2\/types\/page"}],"author":[{"embeddable":true,"href":"https:\/\/hansa-flex.ch\/fr\/wp-json\/wp\/v2\/users\/3"}],"replies":[{"embeddable":true,"href":"https:\/\/hansa-flex.ch\/fr\/wp-json\/wp\/v2\/comments?post=13682"}],"version-history":[{"count":0,"href":"https:\/\/hansa-flex.ch\/fr\/wp-json\/wp\/v2\/pages\/13682\/revisions"}],"up":[{"embeddable":true,"href":"https:\/\/hansa-flex.ch\/fr\/wp-json\/wp\/v2\/pages\/13675"}],"wp:featuredmedia":[{"embeddable":true,"href":"https:\/\/hansa-flex.ch\/fr\/wp-json\/wp\/v2\/media\/13685"}],"wp:attachment":[{"href":"https:\/\/hansa-flex.ch\/fr\/wp-json\/wp\/v2\/media?parent=13682"}],"curies":[{"name":"wp","href":"https:\/\/api.w.org\/{rel}","templated":true}]}}