{"id":13696,"date":"2024-03-25T17:32:15","date_gmt":"2024-03-25T16:32:15","guid":{"rendered":"https:\/\/hansa-flex.ch\/services\/digital-services\/scanner-solutions\/"},"modified":"2024-05-14T17:59:39","modified_gmt":"2024-05-14T15:59:39","slug":"solutions-de-numerisation","status":"publish","type":"page","link":"https:\/\/hansa-flex.ch\/fr\/services\/services-numeriques\/solutions-de-numerisation\/","title":{"rendered":"Solutions de num\u00e9risation"},"content":{"rendered":"\n<p>Oui, nous scannons ! Les solutions de scanner de HANSA-FLEX vous permettent de d\u00e9terminer plus rapidement vos besoins en marchandises pour la technique des fluides dans l&#8217;entrep\u00f4t ou sur la ligne de production et de commander confortablement \u00e0 l&#8217;aide de l&#8217;application int\u00e9gr\u00e9e au scanner.<\/p>\n","protected":false},"excerpt":{"rendered":"<p>Oui, nous scannons ! Les solutions de scanner de HANSA-FLEX vous permettent de d\u00e9terminer plus rapidement vos besoins en marchandises pour la technique des fluides dans l&#8217;entrep\u00f4t ou sur la ligne de production et de commander confortablement \u00e0 l&#8217;aide de l&#8217;application int\u00e9gr\u00e9e au scanner.<\/p>\n","protected":false},"author":3,"featured_media":13676,"parent":13675,"menu_order":0,"comment_status":"closed","ping_status":"closed","template":"","meta":{"_acf_changed":true,"footnotes":""},"class_list":["post-13696","page","type-page","status-publish","has-post-thumbnail","hentry"],"acf":[],"_links":{"self":[{"href":"https:\/\/hansa-flex.ch\/fr\/wp-json\/wp\/v2\/pages\/13696","targetHints":{"allow":["GET"]}}],"collection":[{"href":"https:\/\/hansa-flex.ch\/fr\/wp-json\/wp\/v2\/pages"}],"about":[{"href":"https:\/\/hansa-flex.ch\/fr\/wp-json\/wp\/v2\/types\/page"}],"author":[{"embeddable":true,"href":"https:\/\/hansa-flex.ch\/fr\/wp-json\/wp\/v2\/users\/3"}],"replies":[{"embeddable":true,"href":"https:\/\/hansa-flex.ch\/fr\/wp-json\/wp\/v2\/comments?post=13696"}],"version-history":[{"count":0,"href":"https:\/\/hansa-flex.ch\/fr\/wp-json\/wp\/v2\/pages\/13696\/revisions"}],"up":[{"embeddable":true,"href":"https:\/\/hansa-flex.ch\/fr\/wp-json\/wp\/v2\/pages\/13675"}],"wp:featuredmedia":[{"embeddable":true,"href":"https:\/\/hansa-flex.ch\/fr\/wp-json\/wp\/v2\/media\/13676"}],"wp:attachment":[{"href":"https:\/\/hansa-flex.ch\/fr\/wp-json\/wp\/v2\/media?parent=13696"}],"curies":[{"name":"wp","href":"https:\/\/api.w.org\/{rel}","templated":true}]}}