{"id":13713,"date":"2024-03-25T14:23:48","date_gmt":"2024-03-25T13:23:48","guid":{"rendered":"https:\/\/hansa-flex.ch\/services\/engineering\/"},"modified":"2024-05-14T02:15:32","modified_gmt":"2024-05-14T00:15:32","slug":"ingenierie","status":"publish","type":"page","link":"https:\/\/hansa-flex.ch\/fr\/services\/ingenierie\/","title":{"rendered":"Ing\u00e9nierie"},"content":{"rendered":"\n<p>Les sp\u00e9cialistes exp\u00e9riment\u00e9s de HANSA-FLEX vous assistent dans toutes les t\u00e2ches li\u00e9es \u00e0 l&#8217;ing\u00e9nierie et \u00e0 la planification de projets de syst\u00e8mes et de composants hydrauliques, de la conception \u00e0 la fabrication. Vous pouvez compter sur nos connaissances sp\u00e9cialis\u00e9es en mati\u00e8re de technologie des fluides pour la r\u00e9alisation de prototypes, le d\u00e9veloppement d&#8217;unit\u00e9s hydrauliques et d&#8217;autres d\u00e9veloppements de produits en interne.<\/p>\n","protected":false},"excerpt":{"rendered":"<p>Les sp\u00e9cialistes exp\u00e9riment\u00e9s de HANSA-FLEX vous assistent dans toutes les t\u00e2ches li\u00e9es \u00e0 l&#8217;ing\u00e9nierie et \u00e0 la planification de projets de syst\u00e8mes et de composants hydrauliques, de la conception \u00e0 la fabrication. Vous pouvez compter sur nos connaissances sp\u00e9cialis\u00e9es en mati\u00e8re de technologie des fluides pour la r\u00e9alisation de prototypes, le d\u00e9veloppement d&#8217;unit\u00e9s hydrauliques et [&hellip;]<\/p>\n","protected":false},"author":3,"featured_media":13716,"parent":13615,"menu_order":0,"comment_status":"closed","ping_status":"closed","template":"","meta":{"_acf_changed":true,"footnotes":""},"class_list":["post-13713","page","type-page","status-publish","has-post-thumbnail","hentry"],"acf":[],"_links":{"self":[{"href":"https:\/\/hansa-flex.ch\/fr\/wp-json\/wp\/v2\/pages\/13713","targetHints":{"allow":["GET"]}}],"collection":[{"href":"https:\/\/hansa-flex.ch\/fr\/wp-json\/wp\/v2\/pages"}],"about":[{"href":"https:\/\/hansa-flex.ch\/fr\/wp-json\/wp\/v2\/types\/page"}],"author":[{"embeddable":true,"href":"https:\/\/hansa-flex.ch\/fr\/wp-json\/wp\/v2\/users\/3"}],"replies":[{"embeddable":true,"href":"https:\/\/hansa-flex.ch\/fr\/wp-json\/wp\/v2\/comments?post=13713"}],"version-history":[{"count":0,"href":"https:\/\/hansa-flex.ch\/fr\/wp-json\/wp\/v2\/pages\/13713\/revisions"}],"up":[{"embeddable":true,"href":"https:\/\/hansa-flex.ch\/fr\/wp-json\/wp\/v2\/pages\/13615"}],"wp:featuredmedia":[{"embeddable":true,"href":"https:\/\/hansa-flex.ch\/fr\/wp-json\/wp\/v2\/media\/13716"}],"wp:attachment":[{"href":"https:\/\/hansa-flex.ch\/fr\/wp-json\/wp\/v2\/media?parent=13713"}],"curies":[{"name":"wp","href":"https:\/\/api.w.org\/{rel}","templated":true}]}}