{"id":13715,"date":"2024-03-25T14:31:55","date_gmt":"2024-03-25T13:31:55","guid":{"rendered":"https:\/\/hansa-flex.ch\/services\/engineering\/engineered-by-hansa-flex\/"},"modified":"2024-05-14T02:16:19","modified_gmt":"2024-05-14T00:16:19","slug":"concu-par-hansa-flex","status":"publish","type":"page","link":"https:\/\/hansa-flex.ch\/fr\/services\/ingenierie\/concu-par-hansa-flex\/","title":{"rendered":"Con\u00e7u par HANSA-FLEX"},"content":{"rendered":"\n<p>HANSA-FLEX d\u00e9veloppe en interne des composants de haute qualit\u00e9 selon ses propres exigences de qualit\u00e9. De cette mani\u00e8re, nous sommes en mesure de fournir des produits de haute qualit\u00e9 de mani\u00e8re fiable, ind\u00e9pendamment des fournisseurs. C&#8217;est ce que nous appelons &#8220;engineered by HANSA-FLEX&#8221;. Nos sp\u00e9cifications techniques sont coh\u00e9rentes et la qualit\u00e9 de nos produits d\u00e9passe celle exig\u00e9e par les normes l\u00e9gales en vigueur. Nos ing\u00e9nieurs hautement qualifi\u00e9s fabriquent des produits r\u00e9pondant aux exigences sp\u00e9cifiques du client dans nos propres installations de production.<\/p>\n","protected":false},"excerpt":{"rendered":"<p>HANSA-FLEX d\u00e9veloppe en interne des composants de haute qualit\u00e9 selon ses propres exigences de qualit\u00e9. De cette mani\u00e8re, nous sommes en mesure de fournir des produits de haute qualit\u00e9 de mani\u00e8re fiable, ind\u00e9pendamment des fournisseurs. C&#8217;est ce que nous appelons &#8220;engineered by HANSA-FLEX&#8221;. Nos sp\u00e9cifications techniques sont coh\u00e9rentes et la qualit\u00e9 de nos produits d\u00e9passe [&hellip;]<\/p>\n","protected":false},"author":3,"featured_media":13721,"parent":13713,"menu_order":0,"comment_status":"closed","ping_status":"closed","template":"","meta":{"_acf_changed":true,"footnotes":""},"class_list":["post-13715","page","type-page","status-publish","has-post-thumbnail","hentry"],"acf":[],"_links":{"self":[{"href":"https:\/\/hansa-flex.ch\/fr\/wp-json\/wp\/v2\/pages\/13715","targetHints":{"allow":["GET"]}}],"collection":[{"href":"https:\/\/hansa-flex.ch\/fr\/wp-json\/wp\/v2\/pages"}],"about":[{"href":"https:\/\/hansa-flex.ch\/fr\/wp-json\/wp\/v2\/types\/page"}],"author":[{"embeddable":true,"href":"https:\/\/hansa-flex.ch\/fr\/wp-json\/wp\/v2\/users\/3"}],"replies":[{"embeddable":true,"href":"https:\/\/hansa-flex.ch\/fr\/wp-json\/wp\/v2\/comments?post=13715"}],"version-history":[{"count":0,"href":"https:\/\/hansa-flex.ch\/fr\/wp-json\/wp\/v2\/pages\/13715\/revisions"}],"up":[{"embeddable":true,"href":"https:\/\/hansa-flex.ch\/fr\/wp-json\/wp\/v2\/pages\/13713"}],"wp:featuredmedia":[{"embeddable":true,"href":"https:\/\/hansa-flex.ch\/fr\/wp-json\/wp\/v2\/media\/13721"}],"wp:attachment":[{"href":"https:\/\/hansa-flex.ch\/fr\/wp-json\/wp\/v2\/media?parent=13715"}],"curies":[{"name":"wp","href":"https:\/\/api.w.org\/{rel}","templated":true}]}}