{"id":13720,"date":"2024-03-25T15:16:01","date_gmt":"2024-03-25T14:16:01","guid":{"rendered":"https:\/\/hansa-flex.ch\/services\/engineering\/hydraulic-unit-manufacture\/"},"modified":"2024-05-14T02:17:09","modified_gmt":"2024-05-14T00:17:09","slug":"fabrication-dunites-hydrauliques","status":"publish","type":"page","link":"https:\/\/hansa-flex.ch\/fr\/services\/ingenierie\/fabrication-dunites-hydrauliques\/","title":{"rendered":"Fabrication d&#8217;unit\u00e9s hydrauliques"},"content":{"rendered":"\n<p>Les centrales hydrauliques sont la force motrice au c\u0153ur de nombreux syst\u00e8mes hydrauliques. Elles sont compos\u00e9es d&#8217;un moteur qui fournit l&#8217;\u00e9nergie, d&#8217;un r\u00e9servoir de fluide, de pompes et de valves. HANSA-FLEX d\u00e9veloppe des solutions individuelles parfaitement adapt\u00e9es aux besoins de ses clients et fabrique des unit\u00e9s \u00e0 l&#8217;unit\u00e9 ou en s\u00e9rie. Nous vous conseillons en d\u00e9tail sur le dimensionnement de l&#8217;unit\u00e9 et le choix des composants, et nous assurons le service apr\u00e8s-vente.<\/p>\n","protected":false},"excerpt":{"rendered":"<p>Les centrales hydrauliques sont la force motrice au c\u0153ur de nombreux syst\u00e8mes hydrauliques. Elles sont compos\u00e9es d&#8217;un moteur qui fournit l&#8217;\u00e9nergie, d&#8217;un r\u00e9servoir de fluide, de pompes et de valves. HANSA-FLEX d\u00e9veloppe des solutions individuelles parfaitement adapt\u00e9es aux besoins de ses clients et fabrique des unit\u00e9s \u00e0 l&#8217;unit\u00e9 ou en s\u00e9rie. Nous vous conseillons en [&hellip;]<\/p>\n","protected":false},"author":3,"featured_media":13725,"parent":13713,"menu_order":0,"comment_status":"closed","ping_status":"closed","template":"","meta":{"_acf_changed":true,"footnotes":""},"class_list":["post-13720","page","type-page","status-publish","has-post-thumbnail","hentry"],"acf":[],"_links":{"self":[{"href":"https:\/\/hansa-flex.ch\/fr\/wp-json\/wp\/v2\/pages\/13720","targetHints":{"allow":["GET"]}}],"collection":[{"href":"https:\/\/hansa-flex.ch\/fr\/wp-json\/wp\/v2\/pages"}],"about":[{"href":"https:\/\/hansa-flex.ch\/fr\/wp-json\/wp\/v2\/types\/page"}],"author":[{"embeddable":true,"href":"https:\/\/hansa-flex.ch\/fr\/wp-json\/wp\/v2\/users\/3"}],"replies":[{"embeddable":true,"href":"https:\/\/hansa-flex.ch\/fr\/wp-json\/wp\/v2\/comments?post=13720"}],"version-history":[{"count":0,"href":"https:\/\/hansa-flex.ch\/fr\/wp-json\/wp\/v2\/pages\/13720\/revisions"}],"up":[{"embeddable":true,"href":"https:\/\/hansa-flex.ch\/fr\/wp-json\/wp\/v2\/pages\/13713"}],"wp:featuredmedia":[{"embeddable":true,"href":"https:\/\/hansa-flex.ch\/fr\/wp-json\/wp\/v2\/media\/13725"}],"wp:attachment":[{"href":"https:\/\/hansa-flex.ch\/fr\/wp-json\/wp\/v2\/media?parent=13720"}],"curies":[{"name":"wp","href":"https:\/\/api.w.org\/{rel}","templated":true}]}}