{"id":13728,"date":"2024-03-25T15:26:46","date_gmt":"2024-03-25T14:26:46","guid":{"rendered":"https:\/\/hansa-flex.ch\/services\/engineering\/prototype-manufacture\/"},"modified":"2024-05-14T02:17:50","modified_gmt":"2024-05-14T00:17:50","slug":"fabrication-de-prototypes","status":"publish","type":"page","link":"https:\/\/hansa-flex.ch\/fr\/services\/ingenierie\/fabrication-de-prototypes\/","title":{"rendered":"Fabrication de prototypes"},"content":{"rendered":"\n<p>Si vous avez besoin de composants hydrauliques sp\u00e9cifiques ou de groupes de composants qui ne sont pas disponibles dans le commerce, les \u00e9quipes de fabrication de prototypes de HANSA-FLEX sont toujours pr\u00eates \u00e0 vous aider. Nous fabriquons des articles individuels en fonction des sp\u00e9cifications du client, des dessins ou d&#8217;un \u00e9chantillon, nous mettons le prototype en service et, si n\u00e9cessaire, nous vous conseillons et vous assistons pour que le produit soit pr\u00eat pour la production en s\u00e9rie. Gr\u00e2ce \u00e0 nos connaissances sp\u00e9cialis\u00e9es, \u00e0 nos certifications et \u00e0 nos machines de pointe, nous cr\u00e9ons des solutions efficaces pour relever tous les d\u00e9fis.<\/p>\n","protected":false},"excerpt":{"rendered":"<p>Si vous avez besoin de composants hydrauliques sp\u00e9cifiques ou de groupes de composants qui ne sont pas disponibles dans le commerce, les \u00e9quipes de fabrication de prototypes de HANSA-FLEX sont toujours pr\u00eates \u00e0 vous aider. Nous fabriquons des articles individuels en fonction des sp\u00e9cifications du client, des dessins ou d&#8217;un \u00e9chantillon, nous mettons le prototype [&hellip;]<\/p>\n","protected":false},"author":3,"featured_media":13735,"parent":13713,"menu_order":0,"comment_status":"closed","ping_status":"closed","template":"","meta":{"_acf_changed":true,"footnotes":""},"class_list":["post-13728","page","type-page","status-publish","has-post-thumbnail","hentry"],"acf":[],"_links":{"self":[{"href":"https:\/\/hansa-flex.ch\/fr\/wp-json\/wp\/v2\/pages\/13728","targetHints":{"allow":["GET"]}}],"collection":[{"href":"https:\/\/hansa-flex.ch\/fr\/wp-json\/wp\/v2\/pages"}],"about":[{"href":"https:\/\/hansa-flex.ch\/fr\/wp-json\/wp\/v2\/types\/page"}],"author":[{"embeddable":true,"href":"https:\/\/hansa-flex.ch\/fr\/wp-json\/wp\/v2\/users\/3"}],"replies":[{"embeddable":true,"href":"https:\/\/hansa-flex.ch\/fr\/wp-json\/wp\/v2\/comments?post=13728"}],"version-history":[{"count":0,"href":"https:\/\/hansa-flex.ch\/fr\/wp-json\/wp\/v2\/pages\/13728\/revisions"}],"up":[{"embeddable":true,"href":"https:\/\/hansa-flex.ch\/fr\/wp-json\/wp\/v2\/pages\/13713"}],"wp:featuredmedia":[{"embeddable":true,"href":"https:\/\/hansa-flex.ch\/fr\/wp-json\/wp\/v2\/media\/13735"}],"wp:attachment":[{"href":"https:\/\/hansa-flex.ch\/fr\/wp-json\/wp\/v2\/media?parent=13728"}],"curies":[{"name":"wp","href":"https:\/\/api.w.org\/{rel}","templated":true}]}}