{"id":13759,"date":"2024-03-22T15:11:00","date_gmt":"2024-03-22T14:11:00","guid":{"rendered":"https:\/\/hansa-flex.ch\/services\/fluid-management\/"},"modified":"2024-05-14T02:09:34","modified_gmt":"2024-05-14T00:09:34","slug":"gestion-des-fluides","status":"publish","type":"page","link":"https:\/\/hansa-flex.ch\/fr\/services\/gestion-des-fluides\/","title":{"rendered":"Gestion des fluides"},"content":{"rendered":"\n<p>L&#8217;entretien de l&#8217;huile est un facteur cl\u00e9 pour assurer le bon fonctionnement des syst\u00e8mes et des installations hydrauliques. Les contaminants pr\u00e9sents dans le fluide peuvent avoir de graves cons\u00e9quences. De l&#8217;analyse au nettoyage du fluide jusqu&#8217;\u00e0 la surveillance continue des conditions de fonctionnement, les experts en fluides de HANSA-FLEX vous assistent dans tous les aspects de l&#8217;entretien de l&#8217;huile de vos syst\u00e8mes et machines.<\/p>\n","protected":false},"excerpt":{"rendered":"<p>L&#8217;entretien de l&#8217;huile est un facteur cl\u00e9 pour assurer le bon fonctionnement des syst\u00e8mes et des installations hydrauliques. Les contaminants pr\u00e9sents dans le fluide peuvent avoir de graves cons\u00e9quences. De l&#8217;analyse au nettoyage du fluide jusqu&#8217;\u00e0 la surveillance continue des conditions de fonctionnement, les experts en fluides de HANSA-FLEX vous assistent dans tous les aspects [&hellip;]<\/p>\n","protected":false},"author":3,"featured_media":13760,"parent":13615,"menu_order":0,"comment_status":"closed","ping_status":"closed","template":"","meta":{"_acf_changed":true,"footnotes":""},"class_list":["post-13759","page","type-page","status-publish","has-post-thumbnail","hentry"],"acf":[],"_links":{"self":[{"href":"https:\/\/hansa-flex.ch\/fr\/wp-json\/wp\/v2\/pages\/13759","targetHints":{"allow":["GET"]}}],"collection":[{"href":"https:\/\/hansa-flex.ch\/fr\/wp-json\/wp\/v2\/pages"}],"about":[{"href":"https:\/\/hansa-flex.ch\/fr\/wp-json\/wp\/v2\/types\/page"}],"author":[{"embeddable":true,"href":"https:\/\/hansa-flex.ch\/fr\/wp-json\/wp\/v2\/users\/3"}],"replies":[{"embeddable":true,"href":"https:\/\/hansa-flex.ch\/fr\/wp-json\/wp\/v2\/comments?post=13759"}],"version-history":[{"count":0,"href":"https:\/\/hansa-flex.ch\/fr\/wp-json\/wp\/v2\/pages\/13759\/revisions"}],"up":[{"embeddable":true,"href":"https:\/\/hansa-flex.ch\/fr\/wp-json\/wp\/v2\/pages\/13615"}],"wp:featuredmedia":[{"embeddable":true,"href":"https:\/\/hansa-flex.ch\/fr\/wp-json\/wp\/v2\/media\/13760"}],"wp:attachment":[{"href":"https:\/\/hansa-flex.ch\/fr\/wp-json\/wp\/v2\/media?parent=13759"}],"curies":[{"name":"wp","href":"https:\/\/api.w.org\/{rel}","templated":true}]}}