{"id":13768,"date":"2024-03-22T16:19:27","date_gmt":"2024-03-22T15:19:27","guid":{"rendered":"https:\/\/hansa-flex.ch\/services\/fluid-management\/oil-analysis\/"},"modified":"2024-05-14T02:11:26","modified_gmt":"2024-05-14T00:11:26","slug":"analyse-de-lhuile","status":"publish","type":"page","link":"https:\/\/hansa-flex.ch\/fr\/services\/gestion-des-fluides\/analyse-de-lhuile\/","title":{"rendered":"Analyse de l&#8217;huile"},"content":{"rendered":"\n<p>Contamination, m\u00e9lange et vieillissement de l&#8217;huile : les analyses d&#8217;huile professionnelles permettent de d\u00e9tecter les probl\u00e8mes li\u00e9s \u00e0 l&#8217;huile \u00e0 un stade pr\u00e9coce et d&#8217;y rem\u00e9dier avant qu&#8217;ils n&#8217;entra\u00eenent l&#8217;usure et l&#8217;arr\u00eat de la machine. Les sp\u00e9cialistes des fluides de HANSA-FLEX effectuent leurs tests directement sur site ou en laboratoire, formulent leurs recommandations et mettent en \u0153uvre les mesures appropri\u00e9es. Ils peuvent \u00e9galement installer des capteurs d&#8217;\u00e9tat de l&#8217;huile pour une surveillance continue des fluides.<\/p>\n","protected":false},"excerpt":{"rendered":"<p>Contamination, m\u00e9lange et vieillissement de l&#8217;huile : les analyses d&#8217;huile professionnelles permettent de d\u00e9tecter les probl\u00e8mes li\u00e9s \u00e0 l&#8217;huile \u00e0 un stade pr\u00e9coce et d&#8217;y rem\u00e9dier avant qu&#8217;ils n&#8217;entra\u00eenent l&#8217;usure et l&#8217;arr\u00eat de la machine. Les sp\u00e9cialistes des fluides de HANSA-FLEX effectuent leurs tests directement sur site ou en laboratoire, formulent leurs recommandations et mettent [&hellip;]<\/p>\n","protected":false},"author":3,"featured_media":13772,"parent":13759,"menu_order":0,"comment_status":"closed","ping_status":"closed","template":"","meta":{"_acf_changed":true,"footnotes":""},"class_list":["post-13768","page","type-page","status-publish","has-post-thumbnail","hentry"],"acf":[],"_links":{"self":[{"href":"https:\/\/hansa-flex.ch\/fr\/wp-json\/wp\/v2\/pages\/13768","targetHints":{"allow":["GET"]}}],"collection":[{"href":"https:\/\/hansa-flex.ch\/fr\/wp-json\/wp\/v2\/pages"}],"about":[{"href":"https:\/\/hansa-flex.ch\/fr\/wp-json\/wp\/v2\/types\/page"}],"author":[{"embeddable":true,"href":"https:\/\/hansa-flex.ch\/fr\/wp-json\/wp\/v2\/users\/3"}],"replies":[{"embeddable":true,"href":"https:\/\/hansa-flex.ch\/fr\/wp-json\/wp\/v2\/comments?post=13768"}],"version-history":[{"count":0,"href":"https:\/\/hansa-flex.ch\/fr\/wp-json\/wp\/v2\/pages\/13768\/revisions"}],"up":[{"embeddable":true,"href":"https:\/\/hansa-flex.ch\/fr\/wp-json\/wp\/v2\/pages\/13759"}],"wp:featuredmedia":[{"embeddable":true,"href":"https:\/\/hansa-flex.ch\/fr\/wp-json\/wp\/v2\/media\/13772"}],"wp:attachment":[{"href":"https:\/\/hansa-flex.ch\/fr\/wp-json\/wp\/v2\/media?parent=13768"}],"curies":[{"name":"wp","href":"https:\/\/api.w.org\/{rel}","templated":true}]}}