{"id":13784,"date":"2024-03-25T11:42:04","date_gmt":"2024-03-25T10:42:04","guid":{"rendered":"https:\/\/hansa-flex.ch\/services\/logistics-solutions\/"},"modified":"2024-05-30T21:41:53","modified_gmt":"2024-05-30T19:41:53","slug":"solutions-logistiques","status":"publish","type":"page","link":"https:\/\/hansa-flex.ch\/fr\/services\/solutions-logistiques\/","title":{"rendered":"Solutions logistiques"},"content":{"rendered":"\n<p>Gagnez du temps et \u00e9conomisez des co\u00fbts gr\u00e2ce aux solutions logistiques personnalis\u00e9es de HANSA-FLEX. Nous \u00e9laborons avec vous un concept logistique optimal pour l&#8217;approvisionnement en composants de la technologie des fluides, qui s&#8217;adapte de mani\u00e8re flexible \u00e0 l&#8217;\u00e9volution de vos besoins. Nous tenons compte de votre stock actuel, de vos besoins et de vos objectifs de d\u00e9veloppement afin de vous apporter le meilleur soutien possible.<\/p>\n","protected":false},"excerpt":{"rendered":"<p>Gagnez du temps et \u00e9conomisez des co\u00fbts gr\u00e2ce aux solutions logistiques personnalis\u00e9es de HANSA-FLEX. Nous \u00e9laborons avec vous un concept logistique optimal pour l&#8217;approvisionnement en composants de la technologie des fluides, qui s&#8217;adapte de mani\u00e8re flexible \u00e0 l&#8217;\u00e9volution de vos besoins. Nous tenons compte de votre stock actuel, de vos besoins et de vos objectifs [&hellip;]<\/p>\n","protected":false},"author":3,"featured_media":13787,"parent":13615,"menu_order":0,"comment_status":"closed","ping_status":"closed","template":"","meta":{"_acf_changed":true,"footnotes":""},"class_list":["post-13784","page","type-page","status-publish","has-post-thumbnail","hentry"],"acf":[],"_links":{"self":[{"href":"https:\/\/hansa-flex.ch\/fr\/wp-json\/wp\/v2\/pages\/13784","targetHints":{"allow":["GET"]}}],"collection":[{"href":"https:\/\/hansa-flex.ch\/fr\/wp-json\/wp\/v2\/pages"}],"about":[{"href":"https:\/\/hansa-flex.ch\/fr\/wp-json\/wp\/v2\/types\/page"}],"author":[{"embeddable":true,"href":"https:\/\/hansa-flex.ch\/fr\/wp-json\/wp\/v2\/users\/3"}],"replies":[{"embeddable":true,"href":"https:\/\/hansa-flex.ch\/fr\/wp-json\/wp\/v2\/comments?post=13784"}],"version-history":[{"count":0,"href":"https:\/\/hansa-flex.ch\/fr\/wp-json\/wp\/v2\/pages\/13784\/revisions"}],"up":[{"embeddable":true,"href":"https:\/\/hansa-flex.ch\/fr\/wp-json\/wp\/v2\/pages\/13615"}],"wp:featuredmedia":[{"embeddable":true,"href":"https:\/\/hansa-flex.ch\/fr\/wp-json\/wp\/v2\/media\/13787"}],"wp:attachment":[{"href":"https:\/\/hansa-flex.ch\/fr\/wp-json\/wp\/v2\/media?parent=13784"}],"curies":[{"name":"wp","href":"https:\/\/api.w.org\/{rel}","templated":true}]}}