{"id":13786,"date":"2024-03-22T16:32:20","date_gmt":"2024-03-22T15:32:20","guid":{"rendered":"https:\/\/hansa-flex.ch\/services\/fluid-management\/oil-filtering-and-cleaning\/"},"modified":"2024-05-14T02:12:47","modified_gmt":"2024-05-14T00:12:47","slug":"filtration-et-nettoyage-de-lhuile","status":"publish","type":"page","link":"https:\/\/hansa-flex.ch\/fr\/services\/gestion-des-fluides\/filtration-et-nettoyage-de-lhuile\/","title":{"rendered":"Filtration et nettoyage de l&#8217;huile"},"content":{"rendered":"\n<p>Les contaminants solides et liquides provoquent l&#8217;abrasion, augmentent l&#8217;usure et favorisent la corrosion. Une filtration r\u00e9guli\u00e8re de l&#8217;huile garantit le bon d\u00e9roulement de vos processus de production et permet d&#8217;\u00e9viter d&#8217;endommager les \u00e9quipements, les syst\u00e8mes et les machines. Les experts en fluides de HANSA-FLEX effectuent un nettoyage professionnel de l&#8217;huile pour atteindre le niveau de propret\u00e9 souhait\u00e9 et trouver la solution de filtration parfaite pour votre syst\u00e8me hydraulique.<\/p>\n","protected":false},"excerpt":{"rendered":"<p>Les contaminants solides et liquides provoquent l&#8217;abrasion, augmentent l&#8217;usure et favorisent la corrosion. Une filtration r\u00e9guli\u00e8re de l&#8217;huile garantit le bon d\u00e9roulement de vos processus de production et permet d&#8217;\u00e9viter d&#8217;endommager les \u00e9quipements, les syst\u00e8mes et les machines. Les experts en fluides de HANSA-FLEX effectuent un nettoyage professionnel de l&#8217;huile pour atteindre le niveau de [&hellip;]<\/p>\n","protected":false},"author":3,"featured_media":13791,"parent":13759,"menu_order":0,"comment_status":"closed","ping_status":"closed","template":"","meta":{"_acf_changed":true,"footnotes":""},"class_list":["post-13786","page","type-page","status-publish","has-post-thumbnail","hentry"],"acf":[],"_links":{"self":[{"href":"https:\/\/hansa-flex.ch\/fr\/wp-json\/wp\/v2\/pages\/13786","targetHints":{"allow":["GET"]}}],"collection":[{"href":"https:\/\/hansa-flex.ch\/fr\/wp-json\/wp\/v2\/pages"}],"about":[{"href":"https:\/\/hansa-flex.ch\/fr\/wp-json\/wp\/v2\/types\/page"}],"author":[{"embeddable":true,"href":"https:\/\/hansa-flex.ch\/fr\/wp-json\/wp\/v2\/users\/3"}],"replies":[{"embeddable":true,"href":"https:\/\/hansa-flex.ch\/fr\/wp-json\/wp\/v2\/comments?post=13786"}],"version-history":[{"count":0,"href":"https:\/\/hansa-flex.ch\/fr\/wp-json\/wp\/v2\/pages\/13786\/revisions"}],"up":[{"embeddable":true,"href":"https:\/\/hansa-flex.ch\/fr\/wp-json\/wp\/v2\/pages\/13759"}],"wp:featuredmedia":[{"embeddable":true,"href":"https:\/\/hansa-flex.ch\/fr\/wp-json\/wp\/v2\/media\/13791"}],"wp:attachment":[{"href":"https:\/\/hansa-flex.ch\/fr\/wp-json\/wp\/v2\/media?parent=13786"}],"curies":[{"name":"wp","href":"https:\/\/api.w.org\/{rel}","templated":true}]}}