{"id":13803,"date":"2024-03-25T12:44:48","date_gmt":"2024-03-25T11:44:48","guid":{"rendered":"https:\/\/hansa-flex.ch\/services\/logistics-solutions\/hydraulic-workshop-containers\/"},"modified":"2024-05-14T18:04:47","modified_gmt":"2024-05-14T16:04:47","slug":"conteneurs-datelier-hydrauliques","status":"publish","type":"page","link":"https:\/\/hansa-flex.ch\/fr\/services\/solutions-logistiques\/conteneurs-datelier-hydrauliques\/","title":{"rendered":"Conteneurs d&#8217;atelier hydrauliques"},"content":{"rendered":"\n<p>Qu&#8217;il s&#8217;agisse d&#8217;une plate-forme de forage offshore en pleine temp\u00eate, d&#8217;un chantier de construction glac\u00e9 dans les montagnes, d&#8217;une r\u00e9gion d\u00e9sertique br\u00fblante, d&#8217;un projet majeur ou de services sur site fournis par le service industriel de HANSA-FLEX : un conteneur de service hydraulique est un atelier hydraulique enti\u00e8rement \u00e9quip\u00e9 et peut vous offrir une disponibilit\u00e9 maximale des conduites hydrauliques partout dans le monde, r\u00e9duisant consid\u00e9rablement les pertes de temps et d&#8217;argent dues aux arr\u00eats de production.<\/p>\n","protected":false},"excerpt":{"rendered":"<p>Qu&#8217;il s&#8217;agisse d&#8217;une plate-forme de forage offshore en pleine temp\u00eate, d&#8217;un chantier de construction glac\u00e9 dans les montagnes, d&#8217;une r\u00e9gion d\u00e9sertique br\u00fblante, d&#8217;un projet majeur ou de services sur site fournis par le service industriel de HANSA-FLEX : un conteneur de service hydraulique est un atelier hydraulique enti\u00e8rement \u00e9quip\u00e9 et peut vous offrir une disponibilit\u00e9 [&hellip;]<\/p>\n","protected":false},"author":3,"featured_media":13807,"parent":13784,"menu_order":0,"comment_status":"closed","ping_status":"closed","template":"","meta":{"_acf_changed":true,"footnotes":""},"class_list":["post-13803","page","type-page","status-publish","has-post-thumbnail","hentry"],"acf":[],"_links":{"self":[{"href":"https:\/\/hansa-flex.ch\/fr\/wp-json\/wp\/v2\/pages\/13803","targetHints":{"allow":["GET"]}}],"collection":[{"href":"https:\/\/hansa-flex.ch\/fr\/wp-json\/wp\/v2\/pages"}],"about":[{"href":"https:\/\/hansa-flex.ch\/fr\/wp-json\/wp\/v2\/types\/page"}],"author":[{"embeddable":true,"href":"https:\/\/hansa-flex.ch\/fr\/wp-json\/wp\/v2\/users\/3"}],"replies":[{"embeddable":true,"href":"https:\/\/hansa-flex.ch\/fr\/wp-json\/wp\/v2\/comments?post=13803"}],"version-history":[{"count":0,"href":"https:\/\/hansa-flex.ch\/fr\/wp-json\/wp\/v2\/pages\/13803\/revisions"}],"up":[{"embeddable":true,"href":"https:\/\/hansa-flex.ch\/fr\/wp-json\/wp\/v2\/pages\/13784"}],"wp:featuredmedia":[{"embeddable":true,"href":"https:\/\/hansa-flex.ch\/fr\/wp-json\/wp\/v2\/media\/13807"}],"wp:attachment":[{"href":"https:\/\/hansa-flex.ch\/fr\/wp-json\/wp\/v2\/media?parent=13803"}],"curies":[{"name":"wp","href":"https:\/\/api.w.org\/{rel}","templated":true}]}}