{"id":13819,"date":"2024-03-25T12:16:52","date_gmt":"2024-03-25T11:16:52","guid":{"rendered":"https:\/\/hansa-flex.ch\/services\/logistics-solutions\/kanban-delivery\/"},"modified":"2024-05-14T18:08:25","modified_gmt":"2024-05-14T16:08:25","slug":"livraison-kanban","status":"publish","type":"page","link":"https:\/\/hansa-flex.ch\/fr\/services\/solutions-logistiques\/livraison-kanban\/","title":{"rendered":"Livraison Kanban"},"content":{"rendered":"\n<p>HANSA-FLEX propose des livraisons kanban dans le cadre d&#8217;un syst\u00e8me logistique personnalis\u00e9 et configur\u00e9 de mani\u00e8re optimale. La livraison selon le principe du kanban convient parfaitement aux entreprises dont le syst\u00e8me de production est organis\u00e9 de mani\u00e8re coh\u00e9rente et qui ont besoin d&#8217;un large \u00e9ventail de pi\u00e8ces. Des itin\u00e9raires de transport courts et une livraison juste \u00e0 temps sur la ligne de production, au moment o\u00f9 l&#8217;on en a besoin, permettent de r\u00e9duire consid\u00e9rablement les co\u00fbts d&#8217;approvisionnement.<\/p>\n","protected":false},"excerpt":{"rendered":"<p>HANSA-FLEX propose des livraisons kanban dans le cadre d&#8217;un syst\u00e8me logistique personnalis\u00e9 et configur\u00e9 de mani\u00e8re optimale. La livraison selon le principe du kanban convient parfaitement aux entreprises dont le syst\u00e8me de production est organis\u00e9 de mani\u00e8re coh\u00e9rente et qui ont besoin d&#8217;un large \u00e9ventail de pi\u00e8ces. Des itin\u00e9raires de transport courts et une livraison [&hellip;]<\/p>\n","protected":false},"author":3,"featured_media":13820,"parent":13784,"menu_order":0,"comment_status":"closed","ping_status":"closed","template":"","meta":{"_acf_changed":true,"footnotes":""},"class_list":["post-13819","page","type-page","status-publish","has-post-thumbnail","hentry"],"acf":[],"_links":{"self":[{"href":"https:\/\/hansa-flex.ch\/fr\/wp-json\/wp\/v2\/pages\/13819","targetHints":{"allow":["GET"]}}],"collection":[{"href":"https:\/\/hansa-flex.ch\/fr\/wp-json\/wp\/v2\/pages"}],"about":[{"href":"https:\/\/hansa-flex.ch\/fr\/wp-json\/wp\/v2\/types\/page"}],"author":[{"embeddable":true,"href":"https:\/\/hansa-flex.ch\/fr\/wp-json\/wp\/v2\/users\/3"}],"replies":[{"embeddable":true,"href":"https:\/\/hansa-flex.ch\/fr\/wp-json\/wp\/v2\/comments?post=13819"}],"version-history":[{"count":0,"href":"https:\/\/hansa-flex.ch\/fr\/wp-json\/wp\/v2\/pages\/13819\/revisions"}],"up":[{"embeddable":true,"href":"https:\/\/hansa-flex.ch\/fr\/wp-json\/wp\/v2\/pages\/13784"}],"wp:featuredmedia":[{"embeddable":true,"href":"https:\/\/hansa-flex.ch\/fr\/wp-json\/wp\/v2\/media\/13820"}],"wp:attachment":[{"href":"https:\/\/hansa-flex.ch\/fr\/wp-json\/wp\/v2\/media?parent=13819"}],"curies":[{"name":"wp","href":"https:\/\/api.w.org\/{rel}","templated":true}]}}